{"id":1383,"date":"2024-10-05T12:15:06","date_gmt":"2024-10-05T12:15:06","guid":{"rendered":"https:\/\/ballutte.com\/optics\/?page_id=1383"},"modified":"2026-02-10T13:04:19","modified_gmt":"2026-02-10T13:04:19","slug":"leadership-talks","status":"publish","type":"page","link":"https:\/\/ballutte.com\/optics\/de\/leadership-talks\/","title":{"rendered":"Leadership Talks"},"content":{"rendered":"<div data-elementor-type=\"wp-page\" data-elementor-id=\"1383\" class=\"elementor elementor-1383\">\n\t\t\t\t<div class=\"elementor-element elementor-element-51bfdbb e-grid e-con-boxed e-con e-parent\" data-id=\"51bfdbb\" data-element_type=\"container\">\n\t\t\t\t\t<div class=\"e-con-inner\">\n\t\t\t\t<div class=\"elementor-element elementor-element-4742db6 elementor-widget elementor-widget-heading\" data-id=\"4742db6\" data-element_type=\"widget\" data-widget_type=\"heading.default\">\n\t\t\t\t<div class=\"elementor-widget-container\">\n\t\t\t\t\t<h2 class=\"elementor-heading-title elementor-size-default\">Eine Nachricht der Gesch\u00e4ftsf\u00fchrer<\/h2>\t\t\t\t<\/div>\n\t\t\t\t<\/div>\n\t\t\t\t<div class=\"elementor-element elementor-element-c961394 elementor-widget elementor-widget-text-editor\" data-id=\"c961394\" data-element_type=\"widget\" data-widget_type=\"text-editor.default\">\n\t\t\t\t<div class=\"elementor-widget-container\">\n\t\t\t\t\t\t\t\t\t<p>Bei Ballutte\u00ae ist unsere gr\u00f6\u00dfte St\u00e4rke auf dem Weg zum Erfolg unser Team erfahrener und sachkundiger F\u00fchrungskr\u00e4fte. Jedes Mitglied bringt umfassende Expertise in seinem Fachbereich mit und arbeitet mit Leidenschaft daran, die Vision unseres Unternehmens voranzutreiben und unseren Kunden den bestm\u00f6glichen Service zu bieten. Mit innovativen Ans\u00e4tzen bei strategischen Entscheidungen spielt unser Team eine entscheidende Rolle f\u00fcr das Wachstum und die Entwicklung von Ballutte\u00ae. Jede F\u00fchrungskraft ist engagiert in ihrer Arbeit und leistet einen wesentlichen Beitrag zu dem Erfolg, den wir heute genie\u00dfen. Im Folgenden erfahren Sie mehr \u00fcber das Managementteam, das Ballutte\u00ae weiterhin in die Zukunft f\u00fchrt.<\/p>\t\t\t\t\t\t\t\t<\/div>\n\t\t\t\t<\/div>\n\t\t\t\t\t<\/div>\n\t\t\t\t<\/div>\n\t\t<div class=\"elementor-element elementor-element-5fd8e4c e-flex e-con-boxed e-con e-parent\" data-id=\"5fd8e4c\" data-element_type=\"container\">\n\t\t\t\t\t<div class=\"e-con-inner\">\n\t\t<div class=\"elementor-element elementor-element-d5b97bc e-con-full e-flex e-con e-child\" data-id=\"d5b97bc\" data-element_type=\"container\">\n\t\t\t\t<div class=\"elementor-element elementor-element-5ad42da elementor-widget-laptop__width-initial elementor-widget elementor-widget-image\" data-id=\"5ad42da\" data-element_type=\"widget\" data-widget_type=\"image.default\">\n\t\t\t\t<div class=\"elementor-widget-container\">\n\t\t\t\t\t\t\t\t\t\t\t\t\t\t\t<img decoding=\"async\" src=\"https:\/\/ballutte.com\/optics\/wp-content\/uploads\/elementor\/thumbs\/hanz-1-qv40jc4aonhyehkfi85uxg7ulk7vm385am2s3bu0im.png\" title=\"Haz Chirf | Executive Manager\" alt=\"Haz Chirf | Executive Manager\" loading=\"lazy\" \/>\t\t\t\t\t\t\t\t\t\t\t\t\t\t\t<\/div>\n\t\t\t\t<\/div>\n\t\t\t\t<\/div>\n\t\t<div class=\"elementor-element elementor-element-2496075 e-con-full e-flex e-con e-child\" data-id=\"2496075\" data-element_type=\"container\">\n\t\t\t\t<div class=\"elementor-element elementor-element-ab3803a elementor-widget elementor-widget-heading\" data-id=\"ab3803a\" data-element_type=\"widget\" data-widget_type=\"heading.default\">\n\t\t\t\t<div class=\"elementor-widget-container\">\n\t\t\t\t\t<h2 class=\"elementor-heading-title elementor-size-default\"><strong>Haz Chirf<\/strong> | Gesch\u00e4ftsf\u00fchrender Manager<\/h2>\t\t\t\t<\/div>\n\t\t\t\t<\/div>\n\t\t\t\t<div class=\"elementor-element elementor-element-cdb6711 elementor-widget-laptop__width-initial elementor-widget elementor-widget-text-editor\" data-id=\"cdb6711\" data-element_type=\"widget\" data-widget_type=\"text-editor.default\">\n\t\t\t\t<div class=\"elementor-widget-container\">\n\t\t\t\t\t\t\t\t\t<p>Ich habe aus erster Hand erlebt, wie entscheidend Innovation in der Optikbranche ist. Heute geht es nicht mehr nur um sch\u00e4rferes Sehen \u2013 es geht darum, modernste Technologie zu bieten, die ges\u00fcndere Augen f\u00f6rdert und langfristigen Komfort gew\u00e4hrleistet.<\/p><p>Die Welt steht vor einer neuen Herausforderung: Wie k\u00f6nnen wir Hightech-Gl\u00e4ser f\u00fcr alle erschwinglicher und zug\u00e4nglicher machen?<\/p><p>Hier zeigt Ballutte\u00ae seine St\u00e4rke. Mit einem unerm\u00fcdlichen Fokus auf Innovation und Kundenservice haben wir uns dieser Herausforderung gestellt. Unsere Gl\u00e4ser bieten nicht nur klare Sicht, sondern sch\u00fctzen die Augen vor sch\u00e4dlichen Einfl\u00fcssen, verringern Belastungen und sorgen daf\u00fcr, dass Ihr Sehverm\u00f6gen vor langfristigen Sch\u00e4den sicher bleibt.<\/p><p>Bei Ballutte\u00ae ist es unsere Vision, das Beste in der fortschrittlichen Optik zu bieten und \u00fcberlegene Technologie mit Erschwinglichkeit zu verbinden. Wir glauben, dass jeder Zugang zu hochwertigen Gl\u00e4sern f\u00fcr ein besseres, klareres Sehen verdient, und wir setzen alles daran, dies m\u00f6glich zu machen.<\/p><p>In einer Welt, die immer h\u00f6here Anforderungen an die Optik stellt, ist Ballutte\u00ae die Antwort. Mit einer breiten Palette an Optionen, die auf unterschiedliche Bed\u00fcrfnisse zugeschnitten sind, f\u00fchren wir den Weg in der Augenpflege \u2013 wir sorgen daf\u00fcr, dass die Augen gesund, sicher und \u00fcber viele Jahre hinweg klar sehen k\u00f6nnen.<\/p>\t\t\t\t\t\t\t\t<\/div>\n\t\t\t\t<\/div>\n\t\t\t\t<\/div>\n\t\t\t\t\t<\/div>\n\t\t\t\t<\/div>\n\t\t<div class=\"elementor-element elementor-element-10289bb e-grid e-con-boxed e-con e-parent\" data-id=\"10289bb\" data-element_type=\"container\" data-settings=\"{&quot;background_background&quot;:&quot;classic&quot;}\">\n\t\t\t\t\t<div class=\"e-con-inner\">\n\t\t\t\t<div class=\"elementor-element elementor-element-7dcd5f7 elementor-widget-divider--view-line elementor-widget elementor-widget-divider\" data-id=\"7dcd5f7\" data-element_type=\"widget\" data-widget_type=\"divider.default\">\n\t\t\t\t<div class=\"elementor-widget-container\">\n\t\t\t\t\t\t\t<div class=\"elementor-divider\">\n\t\t\t<span class=\"elementor-divider-separator\">\n\t\t\t\t\t\t<\/span>\n\t\t<\/div>\n\t\t\t\t\t\t<\/div>\n\t\t\t\t<\/div>\n\t\t\t\t\t<\/div>\n\t\t\t\t<\/div>\n\t\t\t\t<\/div>","protected":false},"excerpt":{"rendered":"<p>Message from Directors At Ballutte\u00ae, our greatest strength on the path to success is our team of experienced and knowledgeable leaders. Each member brings a [&hellip;]<\/p>","protected":false},"author":1,"featured_media":1269,"parent":0,"menu_order":0,"comment_status":"closed","ping_status":"closed","template":"elementor_header_footer","meta":{"footnotes":""},"class_list":["post-1383","page","type-page","status-publish","has-post-thumbnail","hentry"],"yoast_head":"<!-- This site is optimized with the Yoast SEO plugin v25.8 - https:\/\/yoast.com\/wordpress\/plugins\/seo\/ -->\n<title>Leadership Talks - Ballutte Optics<\/title>\n<meta name=\"description\" content=\"Discover the insights and vision behind Ballutte Optics. Hear from our CEO, Sales Director, and QA about the values, innovation, and passion.\" \/>\n<meta name=\"robots\" content=\"index, follow, max-snippet:-1, max-image-preview:large, max-video-preview:-1\" \/>\n<link rel=\"canonical\" href=\"https:\/\/ballutte.com\/optics\/de\/leadership-talks\/\" \/>\n<meta property=\"og:locale\" content=\"de_DE\" \/>\n<meta property=\"og:type\" content=\"article\" \/>\n<meta property=\"og:title\" content=\"Leadership Talks - Ballutte Optics\" \/>\n<meta property=\"og:description\" content=\"Discover the insights and vision behind Ballutte Optics. Hear from our CEO, Sales Director, and QA about the values, innovation, and passion.\" \/>\n<meta property=\"og:url\" content=\"https:\/\/ballutte.com\/optics\/de\/leadership-talks\/\" \/>\n<meta property=\"og:site_name\" content=\"Ballutte Optics\" \/>\n<meta property=\"article:publisher\" content=\"https:\/\/www.facebook.com\/Ballutte.Opticals\/\" \/>\n<meta property=\"article:modified_time\" content=\"2026-02-10T13:04:19+00:00\" \/>\n<meta property=\"og:image\" content=\"https:\/\/ballutte.com\/optics\/wp-content\/uploads\/2024\/10\/ballutte-homepage-logo.webp\" \/>\n\t<meta property=\"og:image:width\" content=\"1920\" \/>\n\t<meta property=\"og:image:height\" content=\"519\" \/>\n\t<meta property=\"og:image:type\" content=\"image\/webp\" \/>\n<meta name=\"twitter:card\" content=\"summary_large_image\" \/>\n<meta name=\"twitter:label1\" content=\"Gesch\u00e4tzte Lesezeit\" \/>\n\t<meta name=\"twitter:data1\" content=\"2\u00a0Minuten\" \/>\n<script type=\"application\/ld+json\" class=\"yoast-schema-graph\">{\"@context\":\"https:\/\/schema.org\",\"@graph\":[{\"@type\":\"WebPage\",\"@id\":\"https:\/\/ballutte.com\/optics\/leadership-talks\/\",\"url\":\"https:\/\/ballutte.com\/optics\/leadership-talks\/\",\"name\":\"Leadership Talks - Ballutte Optics\",\"isPartOf\":{\"@id\":\"https:\/\/ballutte.com\/optics\/#website\"},\"primaryImageOfPage\":{\"@id\":\"https:\/\/ballutte.com\/optics\/leadership-talks\/#primaryimage\"},\"image\":{\"@id\":\"https:\/\/ballutte.com\/optics\/leadership-talks\/#primaryimage\"},\"thumbnailUrl\":\"https:\/\/ballutte.com\/optics\/wp-content\/uploads\/2024\/10\/ballutte-homepage-logo.webp\",\"datePublished\":\"2024-10-05T12:15:06+00:00\",\"dateModified\":\"2026-02-10T13:04:19+00:00\",\"description\":\"Discover the insights and vision behind Ballutte Optics. Hear from our CEO, Sales Director, and QA about the values, innovation, and passion.\",\"breadcrumb\":{\"@id\":\"https:\/\/ballutte.com\/optics\/leadership-talks\/#breadcrumb\"},\"inLanguage\":\"de\",\"potentialAction\":[{\"@type\":\"ReadAction\",\"target\":[\"https:\/\/ballutte.com\/optics\/leadership-talks\/\"]}]},{\"@type\":\"ImageObject\",\"inLanguage\":\"de\",\"@id\":\"https:\/\/ballutte.com\/optics\/leadership-talks\/#primaryimage\",\"url\":\"https:\/\/ballutte.com\/optics\/wp-content\/uploads\/2024\/10\/ballutte-homepage-logo.webp\",\"contentUrl\":\"https:\/\/ballutte.com\/optics\/wp-content\/uploads\/2024\/10\/ballutte-homepage-logo.webp\",\"width\":1920,\"height\":519},{\"@type\":\"BreadcrumbList\",\"@id\":\"https:\/\/ballutte.com\/optics\/leadership-talks\/#breadcrumb\",\"itemListElement\":[{\"@type\":\"ListItem\",\"position\":1,\"name\":\"Home\",\"item\":\"https:\/\/ballutte.com\/optics\/\"},{\"@type\":\"ListItem\",\"position\":2,\"name\":\"Leadership Talks\"}]},{\"@type\":\"WebSite\",\"@id\":\"https:\/\/ballutte.com\/optics\/#website\",\"url\":\"https:\/\/ballutte.com\/optics\/\",\"name\":\"Ballutte Optics\",\"description\":\"Ballutte for More Clear Future\",\"publisher\":{\"@id\":\"https:\/\/ballutte.com\/optics\/#organization\"},\"alternateName\":\"Ballutte Optics\",\"potentialAction\":[{\"@type\":\"SearchAction\",\"target\":{\"@type\":\"EntryPoint\",\"urlTemplate\":\"https:\/\/ballutte.com\/optics\/?s={search_term_string}\"},\"query-input\":{\"@type\":\"PropertyValueSpecification\",\"valueRequired\":true,\"valueName\":\"search_term_string\"}}],\"inLanguage\":\"de\"},{\"@type\":\"Organization\",\"@id\":\"https:\/\/ballutte.com\/optics\/#organization\",\"name\":\"Ballutte Opticals\",\"url\":\"https:\/\/ballutte.com\/optics\/\",\"logo\":{\"@type\":\"ImageObject\",\"inLanguage\":\"de\",\"@id\":\"https:\/\/ballutte.com\/optics\/#\/schema\/logo\/image\/\",\"url\":\"https:\/\/ballutte.com\/optics\/wp-content\/uploads\/2024\/09\/Ballutte-Logo-Dark-Blue.webp\",\"contentUrl\":\"https:\/\/ballutte.com\/optics\/wp-content\/uploads\/2024\/09\/Ballutte-Logo-Dark-Blue.webp\",\"width\":371,\"height\":117,\"caption\":\"Ballutte Opticals\"},\"image\":{\"@id\":\"https:\/\/ballutte.com\/optics\/#\/schema\/logo\/image\/\"},\"sameAs\":[\"https:\/\/www.facebook.com\/Ballutte.Opticals\/\",\"https:\/\/www.instagram.com\/ballutte.opticals\"]}]}<\/script>\n<!-- \/ Yoast SEO plugin. -->","yoast_head_json":{"title":"Leadership Talks - Ballutte Optics","description":"Discover the insights and vision behind Ballutte Optics. Hear from our CEO, Sales Director, and QA about the values, innovation, and passion.","robots":{"index":"index","follow":"follow","max-snippet":"max-snippet:-1","max-image-preview":"max-image-preview:large","max-video-preview":"max-video-preview:-1"},"canonical":"https:\/\/ballutte.com\/optics\/de\/leadership-talks\/","og_locale":"de_DE","og_type":"article","og_title":"Leadership Talks - Ballutte Optics","og_description":"Discover the insights and vision behind Ballutte Optics. Hear from our CEO, Sales Director, and QA about the values, innovation, and passion.","og_url":"https:\/\/ballutte.com\/optics\/de\/leadership-talks\/","og_site_name":"Ballutte Optics","article_publisher":"https:\/\/www.facebook.com\/Ballutte.Opticals\/","article_modified_time":"2026-02-10T13:04:19+00:00","og_image":[{"width":1920,"height":519,"url":"https:\/\/ballutte.com\/optics\/wp-content\/uploads\/2024\/10\/ballutte-homepage-logo.webp","type":"image\/webp"}],"twitter_card":"summary_large_image","twitter_misc":{"Gesch\u00e4tzte Lesezeit":"2\u00a0Minuten"},"schema":{"@context":"https:\/\/schema.org","@graph":[{"@type":"WebPage","@id":"https:\/\/ballutte.com\/optics\/leadership-talks\/","url":"https:\/\/ballutte.com\/optics\/leadership-talks\/","name":"Leadership Talks - Ballutte Optics","isPartOf":{"@id":"https:\/\/ballutte.com\/optics\/#website"},"primaryImageOfPage":{"@id":"https:\/\/ballutte.com\/optics\/leadership-talks\/#primaryimage"},"image":{"@id":"https:\/\/ballutte.com\/optics\/leadership-talks\/#primaryimage"},"thumbnailUrl":"https:\/\/ballutte.com\/optics\/wp-content\/uploads\/2024\/10\/ballutte-homepage-logo.webp","datePublished":"2024-10-05T12:15:06+00:00","dateModified":"2026-02-10T13:04:19+00:00","description":"Discover the insights and vision behind Ballutte Optics. Hear from our CEO, Sales Director, and QA about the values, innovation, and passion.","breadcrumb":{"@id":"https:\/\/ballutte.com\/optics\/leadership-talks\/#breadcrumb"},"inLanguage":"de","potentialAction":[{"@type":"ReadAction","target":["https:\/\/ballutte.com\/optics\/leadership-talks\/"]}]},{"@type":"ImageObject","inLanguage":"de","@id":"https:\/\/ballutte.com\/optics\/leadership-talks\/#primaryimage","url":"https:\/\/ballutte.com\/optics\/wp-content\/uploads\/2024\/10\/ballutte-homepage-logo.webp","contentUrl":"https:\/\/ballutte.com\/optics\/wp-content\/uploads\/2024\/10\/ballutte-homepage-logo.webp","width":1920,"height":519},{"@type":"BreadcrumbList","@id":"https:\/\/ballutte.com\/optics\/leadership-talks\/#breadcrumb","itemListElement":[{"@type":"ListItem","position":1,"name":"Home","item":"https:\/\/ballutte.com\/optics\/"},{"@type":"ListItem","position":2,"name":"Leadership Talks"}]},{"@type":"WebSite","@id":"https:\/\/ballutte.com\/optics\/#website","url":"https:\/\/ballutte.com\/optics\/","name":"Ballutte Optics","description":"Ballutte for More Clear Future","publisher":{"@id":"https:\/\/ballutte.com\/optics\/#organization"},"alternateName":"Ballutte Optics","potentialAction":[{"@type":"SearchAction","target":{"@type":"EntryPoint","urlTemplate":"https:\/\/ballutte.com\/optics\/?s={search_term_string}"},"query-input":{"@type":"PropertyValueSpecification","valueRequired":true,"valueName":"search_term_string"}}],"inLanguage":"de"},{"@type":"Organization","@id":"https:\/\/ballutte.com\/optics\/#organization","name":"Ballutte Opticals","url":"https:\/\/ballutte.com\/optics\/","logo":{"@type":"ImageObject","inLanguage":"de","@id":"https:\/\/ballutte.com\/optics\/#\/schema\/logo\/image\/","url":"https:\/\/ballutte.com\/optics\/wp-content\/uploads\/2024\/09\/Ballutte-Logo-Dark-Blue.webp","contentUrl":"https:\/\/ballutte.com\/optics\/wp-content\/uploads\/2024\/09\/Ballutte-Logo-Dark-Blue.webp","width":371,"height":117,"caption":"Ballutte Opticals"},"image":{"@id":"https:\/\/ballutte.com\/optics\/#\/schema\/logo\/image\/"},"sameAs":["https:\/\/www.facebook.com\/Ballutte.Opticals\/","https:\/\/www.instagram.com\/ballutte.opticals"]}]}},"_links":{"self":[{"href":"https:\/\/ballutte.com\/optics\/de\/wp-json\/wp\/v2\/pages\/1383","targetHints":{"allow":["GET"]}}],"collection":[{"href":"https:\/\/ballutte.com\/optics\/de\/wp-json\/wp\/v2\/pages"}],"about":[{"href":"https:\/\/ballutte.com\/optics\/de\/wp-json\/wp\/v2\/types\/page"}],"author":[{"embeddable":true,"href":"https:\/\/ballutte.com\/optics\/de\/wp-json\/wp\/v2\/users\/1"}],"replies":[{"embeddable":true,"href":"https:\/\/ballutte.com\/optics\/de\/wp-json\/wp\/v2\/comments?post=1383"}],"version-history":[{"count":58,"href":"https:\/\/ballutte.com\/optics\/de\/wp-json\/wp\/v2\/pages\/1383\/revisions"}],"predecessor-version":[{"id":2508,"href":"https:\/\/ballutte.com\/optics\/de\/wp-json\/wp\/v2\/pages\/1383\/revisions\/2508"}],"wp:featuredmedia":[{"embeddable":true,"href":"https:\/\/ballutte.com\/optics\/de\/wp-json\/wp\/v2\/media\/1269"}],"wp:attachment":[{"href":"https:\/\/ballutte.com\/optics\/de\/wp-json\/wp\/v2\/media?parent=1383"}],"curies":[{"name":"wp","href":"https:\/\/api.w.org\/{rel}","templated":true}]}}