{"id":1594,"date":"2025-02-17T07:47:06","date_gmt":"2025-02-17T07:47:06","guid":{"rendered":"https:\/\/ballutte.com\/optics\/?page_id=1594"},"modified":"2025-07-24T08:52:48","modified_gmt":"2025-07-24T08:52:48","slug":"lenses","status":"publish","type":"page","link":"https:\/\/ballutte.com\/optics\/de\/lenses\/","title":{"rendered":"Linsen"},"content":{"rendered":"<div data-elementor-type=\"wp-page\" data-elementor-id=\"1594\" class=\"elementor elementor-1594\">\n\t\t\t\t<div class=\"elementor-element elementor-element-8b38afb e-flex e-con-boxed e-con e-parent\" data-id=\"8b38afb\" data-element_type=\"container\">\n\t\t\t\t\t<div class=\"e-con-inner\">\n\t\t\t\t<div class=\"elementor-element elementor-element-505eb04 elementor-widget elementor-widget-lastudio-headline\" data-id=\"505eb04\" data-element_type=\"widget\" data-widget_type=\"lastudio-headline.default\">\n\t\t\t\t<div class=\"elementor-widget-container\">\n\t\t\t\t\t<h2 class=\"lastudio-headline lastudio-headline--direction-vertical\"><span class=\"lastudio-headline__part lastudio-headline__first\"><span class=\"lastudio-headline__label\">ENTDECKEN SIE UNSERE\u00a0<strong>HAUPTPRODUKTE<\/strong><\/span><\/span><span class=\"lastudio-headline__part lastudio-headline__second\"><span class=\"lastudio-headline__label\">Es sind viele verschiedene Varianten von Brillenlinsen verf\u00fcgbar.<\/span><\/span><\/h2>\t\t\t\t<\/div>\n\t\t\t\t<\/div>\n\t\t\t\t\t<\/div>\n\t\t\t\t<\/div>\n\t\t<div class=\"elementor-element elementor-element-0869285 e-grid e-con-boxed e-con e-parent\" data-id=\"0869285\" data-element_type=\"container\">\n\t\t\t\t\t<div class=\"e-con-inner\">\n\t\t\t\t<div class=\"elementor-element elementor-element-dc469b2 elementor-position-left elementor-vertical-align-middle elementor-widget elementor-widget-image-box\" data-id=\"dc469b2\" data-element_type=\"widget\" data-widget_type=\"image-box.default\">\n\t\t\t\t<div class=\"elementor-widget-container\">\n\t\t\t\t\t<div class=\"elementor-image-box-wrapper\"><figure class=\"elementor-image-box-img\"><a href=\"https:\/\/ballutte.com\/optics\/de\/lenses\/singlevision\/noxita-lens\/\" tabindex=\"-1\"><img fetchpriority=\"high\" decoding=\"async\" width=\"500\" height=\"500\" src=\"https:\/\/ballutte.com\/optics\/wp-content\/themes\/yena\/assets\/images\/blank.gif\" class=\"attachment-full size-full wp-image-2350 la-lazyload-image\" alt=\"\" data-src=\"https:\/\/ballutte.com\/optics\/wp-content\/uploads\/2025\/07\/Untitled-design-61.png\" \/><\/a><\/figure><div class=\"elementor-image-box-content\"><h6 class=\"elementor-image-box-title\"><a href=\"https:\/\/ballutte.com\/optics\/de\/lenses\/singlevision\/noxita-lens\/\">BALLUTTE\u00ae NOXITA Linsen <\/a><\/h6><p class=\"elementor-image-box-description\">Die Linsenbeschichtung ist wie eine Geheimwaffe f\u00fcr Ihre Gl\u00e4ser und verleiht jedem Blick Glanz und Schutz. Stellen Sie sich einen d\u00fcnnen, unsichtbaren Schutzschild vor, der Ihr Sehverm\u00f6gen verbessert, Blendung und st\u00f6rende Reflexionen reduziert und gleichzeitig Farben mit lebendiger Klarheit zum Strahlen bringt.<\/p><\/div><\/div>\t\t\t\t<\/div>\n\t\t\t\t<\/div>\n\t\t\t\t<div class=\"elementor-element elementor-element-c577382 elementor-position-left elementor-vertical-align-middle elementor-widget elementor-widget-image-box\" data-id=\"c577382\" data-element_type=\"widget\" data-widget_type=\"image-box.default\">\n\t\t\t\t<div class=\"elementor-widget-container\">\n\t\t\t\t\t<div class=\"elementor-image-box-wrapper\"><figure class=\"elementor-image-box-img\"><a href=\"https:\/\/ballutte.com\/optics\/de\/lenses\/singlevision\/zentrix-lens\/\" tabindex=\"-1\"><img decoding=\"async\" width=\"500\" height=\"500\" src=\"https:\/\/ballutte.com\/optics\/wp-content\/themes\/yena\/assets\/images\/blank.gif\" class=\"attachment-full size-full wp-image-2355 la-lazyload-image\" alt=\"\" data-src=\"https:\/\/ballutte.com\/optics\/wp-content\/uploads\/2025\/07\/3.png\" \/><\/a><\/figure><div class=\"elementor-image-box-content\"><h6 class=\"elementor-image-box-title\"><a href=\"https:\/\/ballutte.com\/optics\/de\/lenses\/singlevision\/zentrix-lens\/\">BALLUTTE\u00ae ZENTRIX Linsen <\/a><\/h6><p class=\"elementor-image-box-description\">Photochromatische \u201eTRANSITION\u201c-Gl\u00e4ser sind zu einer beliebten Wahl f\u00fcr Menschen geworden, die eine Brille suchen, die sich an wechselnde Lichtverh\u00e4ltnisse anpasst. Diese Gl\u00e4ser enthalten spezielle Verbindungen, die auf UV-Licht reagieren, sich bei Sonneneinstrahlung verdunkeln und in Innenr\u00e4umen wieder klar werden.<\/p><\/div><\/div>\t\t\t\t<\/div>\n\t\t\t\t<\/div>\n\t\t\t\t<div class=\"elementor-element elementor-element-06e0523 elementor-hidden-tablet elementor-hidden-mobile_extra elementor-hidden-mobile elementor-widget-divider--view-line elementor-widget elementor-widget-divider\" data-id=\"06e0523\" data-element_type=\"widget\" data-widget_type=\"divider.default\">\n\t\t\t\t<div class=\"elementor-widget-container\">\n\t\t\t\t\t\t\t<div class=\"elementor-divider\">\n\t\t\t<span class=\"elementor-divider-separator\">\n\t\t\t\t\t\t<\/span>\n\t\t<\/div>\n\t\t\t\t\t\t<\/div>\n\t\t\t\t<\/div>\n\t\t\t\t<div class=\"elementor-element elementor-element-98c168b elementor-hidden-tablet elementor-hidden-mobile_extra elementor-hidden-mobile elementor-widget-divider--view-line elementor-widget elementor-widget-divider\" data-id=\"98c168b\" data-element_type=\"widget\" data-widget_type=\"divider.default\">\n\t\t\t\t<div class=\"elementor-widget-container\">\n\t\t\t\t\t\t\t<div class=\"elementor-divider\">\n\t\t\t<span class=\"elementor-divider-separator\">\n\t\t\t\t\t\t<\/span>\n\t\t<\/div>\n\t\t\t\t\t\t<\/div>\n\t\t\t\t<\/div>\n\t\t\t\t\t<\/div>\n\t\t\t\t<\/div>\n\t\t<div class=\"elementor-element elementor-element-b3d01e3 e-grid e-con-boxed e-con e-parent\" data-id=\"b3d01e3\" data-element_type=\"container\">\n\t\t\t\t\t<div class=\"e-con-inner\">\n\t\t\t\t<div class=\"elementor-element elementor-element-1d0b5ab elementor-position-left elementor-vertical-align-middle elementor-widget elementor-widget-image-box\" data-id=\"1d0b5ab\" data-element_type=\"widget\" data-widget_type=\"image-box.default\">\n\t\t\t\t<div class=\"elementor-widget-container\">\n\t\t\t\t\t<div class=\"elementor-image-box-wrapper\"><figure class=\"elementor-image-box-img\"><a href=\"https:\/\/ballutte.com\/optics\/de\/lenses\/singlevision\/mercia-lens\/\" tabindex=\"-1\"><img decoding=\"async\" width=\"500\" height=\"500\" src=\"https:\/\/ballutte.com\/optics\/wp-content\/themes\/yena\/assets\/images\/blank.gif\" class=\"attachment-full size-full wp-image-2363 la-lazyload-image\" alt=\"\" data-src=\"https:\/\/ballutte.com\/optics\/wp-content\/uploads\/2025\/07\/Untitled-design-63.png\" \/><\/a><\/figure><div class=\"elementor-image-box-content\"><h6 class=\"elementor-image-box-title\"><a href=\"https:\/\/ballutte.com\/optics\/de\/lenses\/singlevision\/mercia-lens\/\">BALLUTTE\u00ae MERCIA Linsen <\/a><\/h6><p class=\"elementor-image-box-description\">Die Kinderbrillenbeschichtung ist eine spezielle Schutzschicht, die auf die Gl\u00e4ser von Brillen f\u00fcr Kinder aufgebracht wird. Diese Beschichtungen sind darauf ausgelegt, die Haltbarkeit und Leistungsf\u00e4higkeit der Gl\u00e4ser zu verbessern und gleichzeitig Komfort und Sicherheit f\u00fcr die jungen Tr\u00e4ger zu gew\u00e4hrleisten.<\/p><\/div><\/div>\t\t\t\t<\/div>\n\t\t\t\t<\/div>\n\t\t\t\t<div class=\"elementor-element elementor-element-ad2cce0 elementor-position-left elementor-vertical-align-middle elementor-widget elementor-widget-image-box\" data-id=\"ad2cce0\" data-element_type=\"widget\" data-widget_type=\"image-box.default\">\n\t\t\t\t<div class=\"elementor-widget-container\">\n\t\t\t\t\t<div class=\"elementor-image-box-wrapper\"><figure class=\"elementor-image-box-img\"><a href=\"https:\/\/ballutte.com\/optics\/de\/lenses\/singlevision\/azrax-lens\/\" tabindex=\"-1\"><img loading=\"lazy\" decoding=\"async\" width=\"500\" height=\"500\" src=\"https:\/\/ballutte.com\/optics\/wp-content\/themes\/yena\/assets\/images\/blank.gif\" class=\"attachment-full size-full wp-image-2358 la-lazyload-image\" alt=\"\" data-src=\"https:\/\/ballutte.com\/optics\/wp-content\/uploads\/2025\/07\/Untitled-design-62.png\" \/><\/a><\/figure><div class=\"elementor-image-box-content\"><h6 class=\"elementor-image-box-title\"><a href=\"https:\/\/ballutte.com\/optics\/de\/lenses\/singlevision\/azrax-lens\/\">Ballutte\u00ae Azrax Linsen<\/a><\/h6><p class=\"elementor-image-box-description\">Fahrerbrillenbeschichtung ist eine spezielle Behandlung, die auf Brillengl\u00e4ser aufgetragen wird und darauf abzielt, das Seherlebnis und die Sicherheit beim Autofahrern zu verbessern. Diese Beschichtungen ber\u00fccksichtigen die besonderen Herausforderungen im Stra\u00dfenverkehr und sorgen f\u00fcr ein klares und komfortables Fahrerlebnis.<\/p><\/div><\/div>\t\t\t\t<\/div>\n\t\t\t\t<\/div>\n\t\t\t\t<div class=\"elementor-element elementor-element-2fcd733 elementor-hidden-tablet elementor-hidden-mobile_extra elementor-hidden-mobile elementor-widget-divider--view-line elementor-widget elementor-widget-divider\" data-id=\"2fcd733\" data-element_type=\"widget\" data-widget_type=\"divider.default\">\n\t\t\t\t<div class=\"elementor-widget-container\">\n\t\t\t\t\t\t\t<div class=\"elementor-divider\">\n\t\t\t<span class=\"elementor-divider-separator\">\n\t\t\t\t\t\t<\/span>\n\t\t<\/div>\n\t\t\t\t\t\t<\/div>\n\t\t\t\t<\/div>\n\t\t\t\t<div class=\"elementor-element elementor-element-dcb420b elementor-hidden-tablet elementor-hidden-mobile_extra elementor-hidden-mobile elementor-widget-divider--view-line elementor-widget elementor-widget-divider\" data-id=\"dcb420b\" data-element_type=\"widget\" data-widget_type=\"divider.default\">\n\t\t\t\t<div class=\"elementor-widget-container\">\n\t\t\t\t\t\t\t<div class=\"elementor-divider\">\n\t\t\t<span class=\"elementor-divider-separator\">\n\t\t\t\t\t\t<\/span>\n\t\t<\/div>\n\t\t\t\t\t\t<\/div>\n\t\t\t\t<\/div>\n\t\t\t\t\t<\/div>\n\t\t\t\t<\/div>\n\t\t<div class=\"elementor-element elementor-element-737f390 e-grid e-con-boxed e-con e-parent\" data-id=\"737f390\" data-element_type=\"container\">\n\t\t\t\t\t<div class=\"e-con-inner\">\n\t\t\t\t<div class=\"elementor-element elementor-element-c3e457d elementor-position-left elementor-vertical-align-middle elementor-widget elementor-widget-image-box\" data-id=\"c3e457d\" data-element_type=\"widget\" data-widget_type=\"image-box.default\">\n\t\t\t\t<div class=\"elementor-widget-container\">\n\t\t\t\t\t<div class=\"elementor-image-box-wrapper\"><figure class=\"elementor-image-box-img\"><a href=\"https:\/\/ballutte.com\/optics\/de\/lenses\/singlevision\/brix-lens\/\" tabindex=\"-1\"><img loading=\"lazy\" decoding=\"async\" width=\"500\" height=\"500\" src=\"https:\/\/ballutte.com\/optics\/wp-content\/themes\/yena\/assets\/images\/blank.gif\" class=\"attachment-full size-full wp-image-2356 la-lazyload-image\" alt=\"\" data-src=\"https:\/\/ballutte.com\/optics\/wp-content\/uploads\/2025\/07\/4.png\" \/><\/a><\/figure><div class=\"elementor-image-box-content\"><h6 class=\"elementor-image-box-title\"><a href=\"https:\/\/ballutte.com\/optics\/de\/lenses\/singlevision\/brix-lens\/\">BALLUTTE\u00ae BRIX Linsen<\/a><\/h6><p class=\"elementor-image-box-description\">Brix-Gl\u00e4ser werden mit h\u00f6chster Pr\u00e4zision und modernster Mehrschichttechnologie gefertigt, um unvergleichliche Klarheit, Schutz und Langlebigkeit zu bieten. Sie sind darauf ausgelegt, den Anforderungen des modernen Lebensstils gerecht zu werden.<\/p><\/div><\/div>\t\t\t\t<\/div>\n\t\t\t\t<\/div>\n\t\t\t\t<div class=\"elementor-element elementor-element-e9edfab elementor-position-left elementor-vertical-align-middle elementor-widget elementor-widget-image-box\" data-id=\"e9edfab\" data-element_type=\"widget\" data-widget_type=\"image-box.default\">\n\t\t\t\t<div class=\"elementor-widget-container\">\n\t\t\t\t\t<div class=\"elementor-image-box-wrapper\"><figure class=\"elementor-image-box-img\"><a href=\"https:\/\/ballutte.com\/optics\/de\/lenses\/polycarbonate\/\" tabindex=\"-1\"><img decoding=\"async\" src=\"https:\/\/ballutte.com\/optics\/wp-content\/uploads\/elementor\/thumbs\/Asset-11@2x-e1727860794873-quykrmxzs9tkvfumerr62fwkrh2rioiivmhx5s7ibs.webp\" title=\"Asset 11@2x\" alt=\"Asset 11@2x\" loading=\"lazy\" \/><\/a><\/figure><div class=\"elementor-image-box-content\"><h6 class=\"elementor-image-box-title\"><a href=\"https:\/\/ballutte.com\/optics\/de\/lenses\/polycarbonate\/\">BALLUTTE\u00ae Polycarbonate Linsen<\/a><\/h6><p class=\"elementor-image-box-description\">Polycarbonat-Technologie-Gl\u00e4ser sind leicht, sto\u00dffest und bieten ausgezeichneten UV-Schutz. Sie eignen sich sowohl f\u00fcr den t\u00e4glichen Gebrauch als auch f\u00fcr Schutzausr\u00fcstung und bieten \u00fcberlegene Klarheit und Langlebigkeit.<\/p><\/div><\/div>\t\t\t\t<\/div>\n\t\t\t\t<\/div>\n\t\t\t\t\t<\/div>\n\t\t\t\t<\/div>\n\t\t<div class=\"elementor-element elementor-element-50e3700 e-grid e-con-boxed e-con e-parent\" data-id=\"50e3700\" data-element_type=\"container\">\n\t\t\t\t\t<div class=\"e-con-inner\">\n\t\t\t\t<div class=\"elementor-element elementor-element-9ceec8f elementor-widget-divider--view-line elementor-widget elementor-widget-divider\" data-id=\"9ceec8f\" data-element_type=\"widget\" data-widget_type=\"divider.default\">\n\t\t\t\t<div class=\"elementor-widget-container\">\n\t\t\t\t\t\t\t<div class=\"elementor-divider\">\n\t\t\t<span class=\"elementor-divider-separator\">\n\t\t\t\t\t\t<\/span>\n\t\t<\/div>\n\t\t\t\t\t\t<\/div>\n\t\t\t\t<\/div>\n\t\t\t\t\t<\/div>\n\t\t\t\t<\/div>\n\t\t<div class=\"elementor-element elementor-element-bf1fc8d e-grid e-con-boxed e-con e-parent\" data-id=\"bf1fc8d\" data-element_type=\"container\">\n\t\t\t\t\t<div class=\"e-con-inner\">\n\t\t\t\t<div class=\"elementor-element elementor-element-f1cc6aa elementor-widget elementor-widget-text-editor\" data-id=\"f1cc6aa\" data-element_type=\"widget\" data-widget_type=\"text-editor.default\">\n\t\t\t\t<div class=\"elementor-widget-container\">\n\t\t\t\t\t\t\t\t\t<p><strong>Blaulicht Filter\u00a0<\/strong><br \/>Genau wie unsere herk\u00f6mmlichen Blaulichtgl\u00e4ser sind auch unsere Blue-Block-Photochrom-Gl\u00e4ser mit einem Blaulichtanteil im Rohmaterial versehen.<\/p><p><strong>Schneller \u00dcbergang<\/strong><br \/>Unsere Blue-Block-Photochrom-Gl\u00e4ser wechseln von hell zu dunkel, wenn sie Tageslicht ausgesetzt werden. Normale Blaulichtgl\u00e4ser bleiben drinnen, w\u00e4hrend sie beim Betreten der Sonne sofort zu Sonnenbrillengl\u00e4sern werden.<\/p><p><strong>100% UV-Schutz<\/strong><br \/>Unsere Gl\u00e4ser sind mit UV-A- und UV-B-Filtern ausgestattet, die 100% der UV-Strahlen der Sonne blockieren, sodass Sie sich auf die wichtigen Dinge konzentrieren k\u00f6nnen.<\/p>\t\t\t\t\t\t\t\t<\/div>\n\t\t\t\t<\/div>\n\t\t\t\t\t<\/div>\n\t\t\t\t<\/div>\n\t\t\t\t<\/div>","protected":false},"excerpt":{"rendered":"<p>EXPLORE OUR\u00a0MAIN PRODUCTSThere are many variations of Eyeglass Lenses available BALLUTTE\u00ae NOXITA LENSES Lens coating is like a secret weapon for your lenses, adding a [&hellip;]<\/p>","protected":false},"author":1,"featured_media":0,"parent":0,"menu_order":0,"comment_status":"closed","ping_status":"closed","template":"elementor_header_footer","meta":{"footnotes":""},"class_list":["post-1594","page","type-page","status-publish","hentry"],"yoast_head":"<!-- This site is optimized with the Yoast SEO plugin v25.8 - https:\/\/yoast.com\/wordpress\/plugins\/seo\/ -->\n<title>Lenses - Ballutte Optics<\/title>\n<meta name=\"description\" content=\"Discover Ballutte lenses: single vision, bifocal &amp; progressive options with advanced coatings (SHMC, HMC, HC) and 1.591 polycarbonate index\" \/>\n<meta name=\"robots\" content=\"index, follow, max-snippet:-1, max-image-preview:large, max-video-preview:-1\" \/>\n<link rel=\"canonical\" href=\"https:\/\/ballutte.com\/optics\/de\/lenses\/\" \/>\n<meta property=\"og:locale\" content=\"de_DE\" \/>\n<meta property=\"og:type\" content=\"article\" \/>\n<meta property=\"og:title\" content=\"Lenses - Ballutte Optics\" \/>\n<meta property=\"og:description\" content=\"Discover Ballutte lenses: single vision, bifocal &amp; progressive options with advanced coatings (SHMC, HMC, HC) and 1.591 polycarbonate index\" \/>\n<meta property=\"og:url\" content=\"https:\/\/ballutte.com\/optics\/de\/lenses\/\" \/>\n<meta property=\"og:site_name\" content=\"Ballutte Optics\" \/>\n<meta property=\"article:publisher\" content=\"https:\/\/www.facebook.com\/Ballutte.Opticals\/\" \/>\n<meta property=\"article:modified_time\" content=\"2025-07-24T08:52:48+00:00\" \/>\n<meta property=\"og:image\" content=\"https:\/\/ballutte.com\/optics\/wp-content\/uploads\/2025\/07\/Untitled-design-61.png\" \/>\n<meta name=\"twitter:card\" content=\"summary_large_image\" \/>\n<meta name=\"twitter:label1\" content=\"Gesch\u00e4tzte Lesezeit\" \/>\n\t<meta name=\"twitter:data1\" content=\"3\u00a0Minuten\" \/>\n<script type=\"application\/ld+json\" class=\"yoast-schema-graph\">{\"@context\":\"https:\/\/schema.org\",\"@graph\":[{\"@type\":\"WebPage\",\"@id\":\"https:\/\/ballutte.com\/optics\/lenses\/\",\"url\":\"https:\/\/ballutte.com\/optics\/lenses\/\",\"name\":\"Lenses - Ballutte Optics\",\"isPartOf\":{\"@id\":\"https:\/\/ballutte.com\/optics\/#website\"},\"primaryImageOfPage\":{\"@id\":\"https:\/\/ballutte.com\/optics\/lenses\/#primaryimage\"},\"image\":{\"@id\":\"https:\/\/ballutte.com\/optics\/lenses\/#primaryimage\"},\"thumbnailUrl\":\"https:\/\/ballutte.com\/optics\/wp-content\/uploads\/2025\/07\/Untitled-design-61.png\",\"datePublished\":\"2025-02-17T07:47:06+00:00\",\"dateModified\":\"2025-07-24T08:52:48+00:00\",\"description\":\"Discover Ballutte lenses: single vision, bifocal & progressive options with advanced coatings (SHMC, HMC, HC) and 1.591 polycarbonate index\",\"breadcrumb\":{\"@id\":\"https:\/\/ballutte.com\/optics\/lenses\/#breadcrumb\"},\"inLanguage\":\"de\",\"potentialAction\":[{\"@type\":\"ReadAction\",\"target\":[\"https:\/\/ballutte.com\/optics\/lenses\/\"]}]},{\"@type\":\"ImageObject\",\"inLanguage\":\"de\",\"@id\":\"https:\/\/ballutte.com\/optics\/lenses\/#primaryimage\",\"url\":\"https:\/\/ballutte.com\/optics\/wp-content\/uploads\/2025\/07\/Untitled-design-61.png\",\"contentUrl\":\"https:\/\/ballutte.com\/optics\/wp-content\/uploads\/2025\/07\/Untitled-design-61.png\"},{\"@type\":\"BreadcrumbList\",\"@id\":\"https:\/\/ballutte.com\/optics\/lenses\/#breadcrumb\",\"itemListElement\":[{\"@type\":\"ListItem\",\"position\":1,\"name\":\"Home\",\"item\":\"https:\/\/ballutte.com\/optics\/\"},{\"@type\":\"ListItem\",\"position\":2,\"name\":\"Lenses\"}]},{\"@type\":\"WebSite\",\"@id\":\"https:\/\/ballutte.com\/optics\/#website\",\"url\":\"https:\/\/ballutte.com\/optics\/\",\"name\":\"Ballutte Optics\",\"description\":\"Ballutte for More Clear Future\",\"publisher\":{\"@id\":\"https:\/\/ballutte.com\/optics\/#organization\"},\"alternateName\":\"Ballutte Optics\",\"potentialAction\":[{\"@type\":\"SearchAction\",\"target\":{\"@type\":\"EntryPoint\",\"urlTemplate\":\"https:\/\/ballutte.com\/optics\/?s={search_term_string}\"},\"query-input\":{\"@type\":\"PropertyValueSpecification\",\"valueRequired\":true,\"valueName\":\"search_term_string\"}}],\"inLanguage\":\"de\"},{\"@type\":\"Organization\",\"@id\":\"https:\/\/ballutte.com\/optics\/#organization\",\"name\":\"Ballutte Opticals\",\"url\":\"https:\/\/ballutte.com\/optics\/\",\"logo\":{\"@type\":\"ImageObject\",\"inLanguage\":\"de\",\"@id\":\"https:\/\/ballutte.com\/optics\/#\/schema\/logo\/image\/\",\"url\":\"https:\/\/ballutte.com\/optics\/wp-content\/uploads\/2024\/09\/Ballutte-Logo-Dark-Blue.webp\",\"contentUrl\":\"https:\/\/ballutte.com\/optics\/wp-content\/uploads\/2024\/09\/Ballutte-Logo-Dark-Blue.webp\",\"width\":371,\"height\":117,\"caption\":\"Ballutte Opticals\"},\"image\":{\"@id\":\"https:\/\/ballutte.com\/optics\/#\/schema\/logo\/image\/\"},\"sameAs\":[\"https:\/\/www.facebook.com\/Ballutte.Opticals\/\",\"https:\/\/www.instagram.com\/ballutte.opticals\"]}]}<\/script>\n<!-- \/ Yoast SEO plugin. -->","yoast_head_json":{"title":"Lenses - Ballutte Optics","description":"Discover Ballutte lenses: single vision, bifocal & progressive options with advanced coatings (SHMC, HMC, HC) and 1.591 polycarbonate index","robots":{"index":"index","follow":"follow","max-snippet":"max-snippet:-1","max-image-preview":"max-image-preview:large","max-video-preview":"max-video-preview:-1"},"canonical":"https:\/\/ballutte.com\/optics\/de\/lenses\/","og_locale":"de_DE","og_type":"article","og_title":"Lenses - Ballutte Optics","og_description":"Discover Ballutte lenses: single vision, bifocal & progressive options with advanced coatings (SHMC, HMC, HC) and 1.591 polycarbonate index","og_url":"https:\/\/ballutte.com\/optics\/de\/lenses\/","og_site_name":"Ballutte Optics","article_publisher":"https:\/\/www.facebook.com\/Ballutte.Opticals\/","article_modified_time":"2025-07-24T08:52:48+00:00","og_image":[{"url":"https:\/\/ballutte.com\/optics\/wp-content\/uploads\/2025\/07\/Untitled-design-61.png","type":"","width":"","height":""}],"twitter_card":"summary_large_image","twitter_misc":{"Gesch\u00e4tzte Lesezeit":"3\u00a0Minuten"},"schema":{"@context":"https:\/\/schema.org","@graph":[{"@type":"WebPage","@id":"https:\/\/ballutte.com\/optics\/lenses\/","url":"https:\/\/ballutte.com\/optics\/lenses\/","name":"Lenses - Ballutte Optics","isPartOf":{"@id":"https:\/\/ballutte.com\/optics\/#website"},"primaryImageOfPage":{"@id":"https:\/\/ballutte.com\/optics\/lenses\/#primaryimage"},"image":{"@id":"https:\/\/ballutte.com\/optics\/lenses\/#primaryimage"},"thumbnailUrl":"https:\/\/ballutte.com\/optics\/wp-content\/uploads\/2025\/07\/Untitled-design-61.png","datePublished":"2025-02-17T07:47:06+00:00","dateModified":"2025-07-24T08:52:48+00:00","description":"Discover Ballutte lenses: single vision, bifocal & progressive options with advanced coatings (SHMC, HMC, HC) and 1.591 polycarbonate index","breadcrumb":{"@id":"https:\/\/ballutte.com\/optics\/lenses\/#breadcrumb"},"inLanguage":"de","potentialAction":[{"@type":"ReadAction","target":["https:\/\/ballutte.com\/optics\/lenses\/"]}]},{"@type":"ImageObject","inLanguage":"de","@id":"https:\/\/ballutte.com\/optics\/lenses\/#primaryimage","url":"https:\/\/ballutte.com\/optics\/wp-content\/uploads\/2025\/07\/Untitled-design-61.png","contentUrl":"https:\/\/ballutte.com\/optics\/wp-content\/uploads\/2025\/07\/Untitled-design-61.png"},{"@type":"BreadcrumbList","@id":"https:\/\/ballutte.com\/optics\/lenses\/#breadcrumb","itemListElement":[{"@type":"ListItem","position":1,"name":"Home","item":"https:\/\/ballutte.com\/optics\/"},{"@type":"ListItem","position":2,"name":"Lenses"}]},{"@type":"WebSite","@id":"https:\/\/ballutte.com\/optics\/#website","url":"https:\/\/ballutte.com\/optics\/","name":"Ballutte Optics","description":"Ballutte for More Clear Future","publisher":{"@id":"https:\/\/ballutte.com\/optics\/#organization"},"alternateName":"Ballutte Optics","potentialAction":[{"@type":"SearchAction","target":{"@type":"EntryPoint","urlTemplate":"https:\/\/ballutte.com\/optics\/?s={search_term_string}"},"query-input":{"@type":"PropertyValueSpecification","valueRequired":true,"valueName":"search_term_string"}}],"inLanguage":"de"},{"@type":"Organization","@id":"https:\/\/ballutte.com\/optics\/#organization","name":"Ballutte Opticals","url":"https:\/\/ballutte.com\/optics\/","logo":{"@type":"ImageObject","inLanguage":"de","@id":"https:\/\/ballutte.com\/optics\/#\/schema\/logo\/image\/","url":"https:\/\/ballutte.com\/optics\/wp-content\/uploads\/2024\/09\/Ballutte-Logo-Dark-Blue.webp","contentUrl":"https:\/\/ballutte.com\/optics\/wp-content\/uploads\/2024\/09\/Ballutte-Logo-Dark-Blue.webp","width":371,"height":117,"caption":"Ballutte Opticals"},"image":{"@id":"https:\/\/ballutte.com\/optics\/#\/schema\/logo\/image\/"},"sameAs":["https:\/\/www.facebook.com\/Ballutte.Opticals\/","https:\/\/www.instagram.com\/ballutte.opticals"]}]}},"_links":{"self":[{"href":"https:\/\/ballutte.com\/optics\/de\/wp-json\/wp\/v2\/pages\/1594","targetHints":{"allow":["GET"]}}],"collection":[{"href":"https:\/\/ballutte.com\/optics\/de\/wp-json\/wp\/v2\/pages"}],"about":[{"href":"https:\/\/ballutte.com\/optics\/de\/wp-json\/wp\/v2\/types\/page"}],"author":[{"embeddable":true,"href":"https:\/\/ballutte.com\/optics\/de\/wp-json\/wp\/v2\/users\/1"}],"replies":[{"embeddable":true,"href":"https:\/\/ballutte.com\/optics\/de\/wp-json\/wp\/v2\/comments?post=1594"}],"version-history":[{"count":7,"href":"https:\/\/ballutte.com\/optics\/de\/wp-json\/wp\/v2\/pages\/1594\/revisions"}],"predecessor-version":[{"id":2382,"href":"https:\/\/ballutte.com\/optics\/de\/wp-json\/wp\/v2\/pages\/1594\/revisions\/2382"}],"wp:attachment":[{"href":"https:\/\/ballutte.com\/optics\/de\/wp-json\/wp\/v2\/media?parent=1594"}],"curies":[{"name":"wp","href":"https:\/\/api.w.org\/{rel}","templated":true}]}}