{"id":1594,"date":"2025-02-17T07:47:06","date_gmt":"2025-02-17T07:47:06","guid":{"rendered":"https:\/\/ballutte.com\/optics\/?page_id=1594"},"modified":"2025-07-24T08:52:48","modified_gmt":"2025-07-24T08:52:48","slug":"lenses","status":"publish","type":"page","link":"https:\/\/ballutte.com\/optics\/tr\/lenses\/","title":{"rendered":"Lensler"},"content":{"rendered":"<div data-elementor-type=\"wp-page\" data-elementor-id=\"1594\" class=\"elementor elementor-1594\">\n\t\t\t\t<div class=\"elementor-element elementor-element-8b38afb e-flex e-con-boxed e-con e-parent\" data-id=\"8b38afb\" data-element_type=\"container\">\n\t\t\t\t\t<div class=\"e-con-inner\">\n\t\t\t\t<div class=\"elementor-element elementor-element-505eb04 elementor-widget elementor-widget-lastudio-headline\" data-id=\"505eb04\" data-element_type=\"widget\" data-widget_type=\"lastudio-headline.default\">\n\t\t\t\t<div class=\"elementor-widget-container\">\n\t\t\t\t\t<h2 class=\"lastudio-headline lastudio-headline--direction-vertical\"><span class=\"lastudio-headline__part lastudio-headline__first\"><span class=\"lastudio-headline__label\">ANA \u00dcR\u00dcNLER\u0130M\u0130Z\u0130\u00a0<strong>KE\u015eFED\u0130N<\/strong><\/span><\/span><span class=\"lastudio-headline__part lastudio-headline__second\"><span class=\"lastudio-headline__label\">Mevcut bir\u00e7ok g\u00f6zl\u00fck lensi \u00e7e\u015fidi bulunmaktad\u0131r.<\/span><\/span><\/h2>\t\t\t\t<\/div>\n\t\t\t\t<\/div>\n\t\t\t\t\t<\/div>\n\t\t\t\t<\/div>\n\t\t<div class=\"elementor-element elementor-element-0869285 e-grid e-con-boxed e-con e-parent\" data-id=\"0869285\" data-element_type=\"container\">\n\t\t\t\t\t<div class=\"e-con-inner\">\n\t\t\t\t<div class=\"elementor-element elementor-element-dc469b2 elementor-position-left elementor-vertical-align-middle elementor-widget elementor-widget-image-box\" data-id=\"dc469b2\" data-element_type=\"widget\" data-widget_type=\"image-box.default\">\n\t\t\t\t<div class=\"elementor-widget-container\">\n\t\t\t\t\t<div class=\"elementor-image-box-wrapper\"><figure class=\"elementor-image-box-img\"><a href=\"https:\/\/ballutte.com\/optics\/tr\/lenses\/singlevision\/noxita-lens\/\" tabindex=\"-1\"><img fetchpriority=\"high\" decoding=\"async\" width=\"500\" height=\"500\" src=\"https:\/\/ballutte.com\/optics\/wp-content\/themes\/yena\/assets\/images\/blank.gif\" class=\"attachment-full size-full wp-image-2350 la-lazyload-image\" alt=\"\" data-src=\"https:\/\/ballutte.com\/optics\/wp-content\/uploads\/2025\/07\/Untitled-design-61.png\" \/><\/a><\/figure><div class=\"elementor-image-box-content\"><h6 class=\"elementor-image-box-title\"><a href=\"https:\/\/ballutte.com\/optics\/tr\/lenses\/singlevision\/noxita-lens\/\">BALLUTTE\u00ae NOXITA LENS <\/a><\/h6><p class=\"elementor-image-box-description\">Lens kaplamas\u0131, lensleriniz i\u00e7in adeta gizli bir silaht\u0131r ve her bak\u0131\u015fa parlakl\u0131k ve koruma katar. \u0130nce, g\u00f6r\u00fcnmez bir kalkan gibi d\u00fc\u015f\u00fcn\u00fcn; g\u00f6r\u00fc\u015f\u00fcn\u00fcz\u00fc geli\u015ftirir, parlamay\u0131 ve rahats\u0131z edici yans\u0131malar\u0131 azalt\u0131r ve renklerin canl\u0131 ve net g\u00f6r\u00fcnmesini sa\u011flar.<\/p><\/div><\/div>\t\t\t\t<\/div>\n\t\t\t\t<\/div>\n\t\t\t\t<div class=\"elementor-element elementor-element-c577382 elementor-position-left elementor-vertical-align-middle elementor-widget elementor-widget-image-box\" data-id=\"c577382\" data-element_type=\"widget\" data-widget_type=\"image-box.default\">\n\t\t\t\t<div class=\"elementor-widget-container\">\n\t\t\t\t\t<div class=\"elementor-image-box-wrapper\"><figure class=\"elementor-image-box-img\"><a href=\"https:\/\/ballutte.com\/optics\/tr\/lenses\/singlevision\/zentrix-lens\/\" tabindex=\"-1\"><img decoding=\"async\" width=\"500\" height=\"500\" src=\"https:\/\/ballutte.com\/optics\/wp-content\/themes\/yena\/assets\/images\/blank.gif\" class=\"attachment-full size-full wp-image-2355 la-lazyload-image\" alt=\"\" data-src=\"https:\/\/ballutte.com\/optics\/wp-content\/uploads\/2025\/07\/3.png\" \/><\/a><\/figure><div class=\"elementor-image-box-content\"><h6 class=\"elementor-image-box-title\"><a href=\"https:\/\/ballutte.com\/optics\/tr\/lenses\/singlevision\/zentrix-lens\/\">BALLUTTE\u00ae ZENTRIX LENS <\/a><\/h6><p class=\"elementor-image-box-description\">Foto\u011frafik \u201cTRANSITION\u201d lensler, \u0131\u015f\u0131k ko\u015fullar\u0131na uyum sa\u011flayan g\u00f6zl\u00fck arayan ki\u015filer i\u00e7in pop\u00fcler bir tercih haline gelmi\u015ftir. Bu lensler, UV \u0131\u015f\u0131\u011f\u0131na tepki veren \u00f6zel bile\u015fenler i\u00e7erir; g\u00fcne\u015f \u0131\u015f\u0131\u011f\u0131na maruz kald\u0131\u011f\u0131nda kararma \u00f6zelli\u011fi g\u00f6sterir ve i\u00e7 mekanda tekrar \u015feffaf h\u00e2line d\u00f6ner.<\/p><\/div><\/div>\t\t\t\t<\/div>\n\t\t\t\t<\/div>\n\t\t\t\t<div class=\"elementor-element elementor-element-06e0523 elementor-hidden-tablet elementor-hidden-mobile_extra elementor-hidden-mobile elementor-widget-divider--view-line elementor-widget elementor-widget-divider\" data-id=\"06e0523\" data-element_type=\"widget\" data-widget_type=\"divider.default\">\n\t\t\t\t<div class=\"elementor-widget-container\">\n\t\t\t\t\t\t\t<div class=\"elementor-divider\">\n\t\t\t<span class=\"elementor-divider-separator\">\n\t\t\t\t\t\t<\/span>\n\t\t<\/div>\n\t\t\t\t\t\t<\/div>\n\t\t\t\t<\/div>\n\t\t\t\t<div class=\"elementor-element elementor-element-98c168b elementor-hidden-tablet elementor-hidden-mobile_extra elementor-hidden-mobile elementor-widget-divider--view-line elementor-widget elementor-widget-divider\" data-id=\"98c168b\" data-element_type=\"widget\" data-widget_type=\"divider.default\">\n\t\t\t\t<div class=\"elementor-widget-container\">\n\t\t\t\t\t\t\t<div class=\"elementor-divider\">\n\t\t\t<span class=\"elementor-divider-separator\">\n\t\t\t\t\t\t<\/span>\n\t\t<\/div>\n\t\t\t\t\t\t<\/div>\n\t\t\t\t<\/div>\n\t\t\t\t\t<\/div>\n\t\t\t\t<\/div>\n\t\t<div class=\"elementor-element elementor-element-b3d01e3 e-grid e-con-boxed e-con e-parent\" data-id=\"b3d01e3\" data-element_type=\"container\">\n\t\t\t\t\t<div class=\"e-con-inner\">\n\t\t\t\t<div class=\"elementor-element elementor-element-1d0b5ab elementor-position-left elementor-vertical-align-middle elementor-widget elementor-widget-image-box\" data-id=\"1d0b5ab\" data-element_type=\"widget\" data-widget_type=\"image-box.default\">\n\t\t\t\t<div class=\"elementor-widget-container\">\n\t\t\t\t\t<div class=\"elementor-image-box-wrapper\"><figure class=\"elementor-image-box-img\"><a href=\"https:\/\/ballutte.com\/optics\/tr\/lenses\/singlevision\/mercia-lens\/\" tabindex=\"-1\"><img decoding=\"async\" width=\"500\" height=\"500\" src=\"https:\/\/ballutte.com\/optics\/wp-content\/themes\/yena\/assets\/images\/blank.gif\" class=\"attachment-full size-full wp-image-2363 la-lazyload-image\" alt=\"\" data-src=\"https:\/\/ballutte.com\/optics\/wp-content\/uploads\/2025\/07\/Untitled-design-63.png\" \/><\/a><\/figure><div class=\"elementor-image-box-content\"><h6 class=\"elementor-image-box-title\"><a href=\"https:\/\/ballutte.com\/optics\/tr\/lenses\/singlevision\/mercia-lens\/\">BALLUTTE\u00ae MERCIA LENS <\/a><\/h6><p class=\"elementor-image-box-description\">\u00c7ocuk lens kaplamas\u0131, \u00f6zellikle \u00e7ocuklar i\u00e7in tasarlanm\u0131\u015f g\u00f6zl\u00fcklerin lenslerine uygulanan \u00f6zel bir koruyucu tabakad\u0131r. Bu kaplamalar, lenslerin dayan\u0131kl\u0131l\u0131\u011f\u0131n\u0131 ve performans\u0131n\u0131 art\u0131rmak i\u00e7in tasarlanm\u0131\u015f olup, k\u00fc\u00e7\u00fck kullan\u0131c\u0131lar i\u00e7in konfor ve g\u00fcvenli\u011fi sa\u011flar.<\/p><\/div><\/div>\t\t\t\t<\/div>\n\t\t\t\t<\/div>\n\t\t\t\t<div class=\"elementor-element elementor-element-ad2cce0 elementor-position-left elementor-vertical-align-middle elementor-widget elementor-widget-image-box\" data-id=\"ad2cce0\" data-element_type=\"widget\" data-widget_type=\"image-box.default\">\n\t\t\t\t<div class=\"elementor-widget-container\">\n\t\t\t\t\t<div class=\"elementor-image-box-wrapper\"><figure class=\"elementor-image-box-img\"><a href=\"https:\/\/ballutte.com\/optics\/tr\/lenses\/singlevision\/azrax-lens\/\" tabindex=\"-1\"><img loading=\"lazy\" decoding=\"async\" width=\"500\" height=\"500\" src=\"https:\/\/ballutte.com\/optics\/wp-content\/themes\/yena\/assets\/images\/blank.gif\" class=\"attachment-full size-full wp-image-2358 la-lazyload-image\" alt=\"\" data-src=\"https:\/\/ballutte.com\/optics\/wp-content\/uploads\/2025\/07\/Untitled-design-62.png\" \/><\/a><\/figure><div class=\"elementor-image-box-content\"><h6 class=\"elementor-image-box-title\"><a href=\"https:\/\/ballutte.com\/optics\/tr\/lenses\/singlevision\/azrax-lens\/\">Ballutte\u00ae Azrax Lens<\/a><\/h6><p class=\"elementor-image-box-description\">S\u00fcr\u00fcc\u00fc lens kaplamas\u0131, g\u00f6zl\u00fck lenslerine uygulanan \u00f6zel bir i\u015flemdir ve s\u00fcr\u00fcc\u00fcler i\u00e7in g\u00f6rsel deneyimi ve g\u00fcvenli\u011fi art\u0131rmay\u0131 ama\u00e7lar. Bu kaplamalar, yolda kar\u015f\u0131la\u015f\u0131lan \u00f6zel zorluklar\u0131 ele al\u0131r ve net, konforlu bir s\u00fcr\u00fc\u015f deneyimi sa\u011flar.<\/p><\/div><\/div>\t\t\t\t<\/div>\n\t\t\t\t<\/div>\n\t\t\t\t<div class=\"elementor-element elementor-element-2fcd733 elementor-hidden-tablet elementor-hidden-mobile_extra elementor-hidden-mobile elementor-widget-divider--view-line elementor-widget elementor-widget-divider\" data-id=\"2fcd733\" data-element_type=\"widget\" data-widget_type=\"divider.default\">\n\t\t\t\t<div class=\"elementor-widget-container\">\n\t\t\t\t\t\t\t<div class=\"elementor-divider\">\n\t\t\t<span class=\"elementor-divider-separator\">\n\t\t\t\t\t\t<\/span>\n\t\t<\/div>\n\t\t\t\t\t\t<\/div>\n\t\t\t\t<\/div>\n\t\t\t\t<div class=\"elementor-element elementor-element-dcb420b elementor-hidden-tablet elementor-hidden-mobile_extra elementor-hidden-mobile elementor-widget-divider--view-line elementor-widget elementor-widget-divider\" data-id=\"dcb420b\" data-element_type=\"widget\" data-widget_type=\"divider.default\">\n\t\t\t\t<div class=\"elementor-widget-container\">\n\t\t\t\t\t\t\t<div class=\"elementor-divider\">\n\t\t\t<span class=\"elementor-divider-separator\">\n\t\t\t\t\t\t<\/span>\n\t\t<\/div>\n\t\t\t\t\t\t<\/div>\n\t\t\t\t<\/div>\n\t\t\t\t\t<\/div>\n\t\t\t\t<\/div>\n\t\t<div class=\"elementor-element elementor-element-737f390 e-grid e-con-boxed e-con e-parent\" data-id=\"737f390\" data-element_type=\"container\">\n\t\t\t\t\t<div class=\"e-con-inner\">\n\t\t\t\t<div class=\"elementor-element elementor-element-c3e457d elementor-position-left elementor-vertical-align-middle elementor-widget elementor-widget-image-box\" data-id=\"c3e457d\" data-element_type=\"widget\" data-widget_type=\"image-box.default\">\n\t\t\t\t<div class=\"elementor-widget-container\">\n\t\t\t\t\t<div class=\"elementor-image-box-wrapper\"><figure class=\"elementor-image-box-img\"><a href=\"https:\/\/ballutte.com\/optics\/tr\/lenses\/singlevision\/brix-lens\/\" tabindex=\"-1\"><img loading=\"lazy\" decoding=\"async\" width=\"500\" height=\"500\" src=\"https:\/\/ballutte.com\/optics\/wp-content\/themes\/yena\/assets\/images\/blank.gif\" class=\"attachment-full size-full wp-image-2356 la-lazyload-image\" alt=\"\" data-src=\"https:\/\/ballutte.com\/optics\/wp-content\/uploads\/2025\/07\/4.png\" \/><\/a><\/figure><div class=\"elementor-image-box-content\"><h6 class=\"elementor-image-box-title\"><a href=\"https:\/\/ballutte.com\/optics\/tr\/lenses\/singlevision\/brix-lens\/\">BALLUTTE\u00ae BRIX LENS<\/a><\/h6><p class=\"elementor-image-box-description\">Brix lensler, e\u015fsiz netlik, koruma ve dayan\u0131kl\u0131l\u0131k sa\u011flamak i\u00e7in hassasiyetle ve ileri d\u00fczey \u00e7ok katmanl\u0131 teknoloji kullan\u0131larak \u00fcretilir. Modern ya\u015fam tarzlar\u0131n\u0131n gereksinimlerini kar\u015f\u0131layacak \u015fekilde tasarlanm\u0131\u015ft\u0131r.<\/p><\/div><\/div>\t\t\t\t<\/div>\n\t\t\t\t<\/div>\n\t\t\t\t<div class=\"elementor-element elementor-element-e9edfab elementor-position-left elementor-vertical-align-middle elementor-widget elementor-widget-image-box\" data-id=\"e9edfab\" data-element_type=\"widget\" data-widget_type=\"image-box.default\">\n\t\t\t\t<div class=\"elementor-widget-container\">\n\t\t\t\t\t<div class=\"elementor-image-box-wrapper\"><figure class=\"elementor-image-box-img\"><a href=\"https:\/\/ballutte.com\/optics\/tr\/lenses\/polycarbonate\/\" tabindex=\"-1\"><img decoding=\"async\" src=\"https:\/\/ballutte.com\/optics\/wp-content\/uploads\/elementor\/thumbs\/Asset-11@2x-e1727860794873-quykrmxzs9tkvfumerr62fwkrh2rioiivmhx5s7ibs.webp\" title=\"Asset 11@2x\" alt=\"Asset 11@2x\" loading=\"lazy\" \/><\/a><\/figure><div class=\"elementor-image-box-content\"><h6 class=\"elementor-image-box-title\"><a href=\"https:\/\/ballutte.com\/optics\/tr\/lenses\/polycarbonate\/\">BALLUTTE\u00ae Polycarbonate Lens<\/a><\/h6><p class=\"elementor-image-box-description\">Polikarbonat teknoloji lensler hafif, darbelere dayan\u0131kl\u0131 ve m\u00fckemmel UV korumas\u0131 sa\u011flar. Hem g\u00fcnl\u00fck g\u00f6zl\u00fckler hem de koruyucu ekipman i\u00e7in idealdir ve \u00fcst\u00fcn netlik ve dayan\u0131kl\u0131l\u0131k sunar.<\/p><\/div><\/div>\t\t\t\t<\/div>\n\t\t\t\t<\/div>\n\t\t\t\t\t<\/div>\n\t\t\t\t<\/div>\n\t\t<div class=\"elementor-element elementor-element-50e3700 e-grid e-con-boxed e-con e-parent\" data-id=\"50e3700\" data-element_type=\"container\">\n\t\t\t\t\t<div class=\"e-con-inner\">\n\t\t\t\t<div class=\"elementor-element elementor-element-9ceec8f elementor-widget-divider--view-line elementor-widget elementor-widget-divider\" data-id=\"9ceec8f\" data-element_type=\"widget\" data-widget_type=\"divider.default\">\n\t\t\t\t<div class=\"elementor-widget-container\">\n\t\t\t\t\t\t\t<div class=\"elementor-divider\">\n\t\t\t<span class=\"elementor-divider-separator\">\n\t\t\t\t\t\t<\/span>\n\t\t<\/div>\n\t\t\t\t\t\t<\/div>\n\t\t\t\t<\/div>\n\t\t\t\t\t<\/div>\n\t\t\t\t<\/div>\n\t\t<div class=\"elementor-element elementor-element-bf1fc8d e-grid e-con-boxed e-con e-parent\" data-id=\"bf1fc8d\" data-element_type=\"container\">\n\t\t\t\t\t<div class=\"e-con-inner\">\n\t\t\t\t<div class=\"elementor-element elementor-element-f1cc6aa elementor-widget elementor-widget-text-editor\" data-id=\"f1cc6aa\" data-element_type=\"widget\" data-widget_type=\"text-editor.default\">\n\t\t\t\t<div class=\"elementor-widget-container\">\n\t\t\t\t\t\t\t\t\t<p><strong>Blue Light Fliter\u00a0<\/strong><br \/>Just like our regular blue light lenses, our blue block photochromic lenses are also engrained with a blue light element in its raw material.<\/p><p><strong>Rapid Transitioning<\/strong><br \/>Our blue block photochromic lenses\u00a0change from light to dark when exposed to daylight. Regular blue light lenses when you&#8217;re indoors, then straight to sun lenses when you step outside.<\/p><p><strong>100% UV Protection<\/strong><br \/>Our\u00a0lenses come with UV-A and UV-B filters which block 100% of UV rays from\u00a0the sun, so you can concentrate on\u00a0important things.<\/p>\t\t\t\t\t\t\t\t<\/div>\n\t\t\t\t<\/div>\n\t\t\t\t\t<\/div>\n\t\t\t\t<\/div>\n\t\t\t\t<\/div>","protected":false},"excerpt":{"rendered":"<p>EXPLORE OUR\u00a0MAIN PRODUCTSThere are many variations of Eyeglass Lenses available BALLUTTE\u00ae NOXITA LENSES Lens coating is like a secret weapon for your lenses, adding a [&hellip;]<\/p>","protected":false},"author":1,"featured_media":0,"parent":0,"menu_order":0,"comment_status":"closed","ping_status":"closed","template":"elementor_header_footer","meta":{"footnotes":""},"class_list":["post-1594","page","type-page","status-publish","hentry"],"yoast_head":"<!-- This site is optimized with the Yoast SEO plugin v25.8 - https:\/\/yoast.com\/wordpress\/plugins\/seo\/ -->\n<title>Lenses - Ballutte Optics<\/title>\n<meta name=\"description\" content=\"Discover Ballutte lenses: single vision, bifocal &amp; progressive options with advanced coatings (SHMC, HMC, HC) and 1.591 polycarbonate index\" \/>\n<meta name=\"robots\" content=\"index, follow, max-snippet:-1, max-image-preview:large, max-video-preview:-1\" \/>\n<link rel=\"canonical\" href=\"https:\/\/ballutte.com\/optics\/tr\/lenses\/\" \/>\n<meta property=\"og:locale\" content=\"tr_TR\" \/>\n<meta property=\"og:type\" content=\"article\" \/>\n<meta property=\"og:title\" content=\"Lenses - Ballutte Optics\" \/>\n<meta property=\"og:description\" content=\"Discover Ballutte lenses: single vision, bifocal &amp; progressive options with advanced coatings (SHMC, HMC, HC) and 1.591 polycarbonate index\" \/>\n<meta property=\"og:url\" content=\"https:\/\/ballutte.com\/optics\/tr\/lenses\/\" \/>\n<meta property=\"og:site_name\" content=\"Ballutte Optics\" \/>\n<meta property=\"article:publisher\" content=\"https:\/\/www.facebook.com\/Ballutte.Opticals\/\" \/>\n<meta property=\"article:modified_time\" content=\"2025-07-24T08:52:48+00:00\" \/>\n<meta property=\"og:image\" content=\"https:\/\/ballutte.com\/optics\/wp-content\/uploads\/2025\/07\/Untitled-design-61.png\" \/>\n<meta name=\"twitter:card\" content=\"summary_large_image\" \/>\n<meta name=\"twitter:label1\" content=\"Tahmini okuma s\u00fcresi\" \/>\n\t<meta name=\"twitter:data1\" content=\"3 dakika\" \/>\n<script type=\"application\/ld+json\" class=\"yoast-schema-graph\">{\"@context\":\"https:\/\/schema.org\",\"@graph\":[{\"@type\":\"WebPage\",\"@id\":\"https:\/\/ballutte.com\/optics\/lenses\/\",\"url\":\"https:\/\/ballutte.com\/optics\/lenses\/\",\"name\":\"Lenses - Ballutte Optics\",\"isPartOf\":{\"@id\":\"https:\/\/ballutte.com\/optics\/#website\"},\"primaryImageOfPage\":{\"@id\":\"https:\/\/ballutte.com\/optics\/lenses\/#primaryimage\"},\"image\":{\"@id\":\"https:\/\/ballutte.com\/optics\/lenses\/#primaryimage\"},\"thumbnailUrl\":\"https:\/\/ballutte.com\/optics\/wp-content\/uploads\/2025\/07\/Untitled-design-61.png\",\"datePublished\":\"2025-02-17T07:47:06+00:00\",\"dateModified\":\"2025-07-24T08:52:48+00:00\",\"description\":\"Discover Ballutte lenses: single vision, bifocal & progressive options with advanced coatings (SHMC, HMC, HC) and 1.591 polycarbonate index\",\"breadcrumb\":{\"@id\":\"https:\/\/ballutte.com\/optics\/lenses\/#breadcrumb\"},\"inLanguage\":\"tr\",\"potentialAction\":[{\"@type\":\"ReadAction\",\"target\":[\"https:\/\/ballutte.com\/optics\/lenses\/\"]}]},{\"@type\":\"ImageObject\",\"inLanguage\":\"tr\",\"@id\":\"https:\/\/ballutte.com\/optics\/lenses\/#primaryimage\",\"url\":\"https:\/\/ballutte.com\/optics\/wp-content\/uploads\/2025\/07\/Untitled-design-61.png\",\"contentUrl\":\"https:\/\/ballutte.com\/optics\/wp-content\/uploads\/2025\/07\/Untitled-design-61.png\"},{\"@type\":\"BreadcrumbList\",\"@id\":\"https:\/\/ballutte.com\/optics\/lenses\/#breadcrumb\",\"itemListElement\":[{\"@type\":\"ListItem\",\"position\":1,\"name\":\"Home\",\"item\":\"https:\/\/ballutte.com\/optics\/\"},{\"@type\":\"ListItem\",\"position\":2,\"name\":\"Lenses\"}]},{\"@type\":\"WebSite\",\"@id\":\"https:\/\/ballutte.com\/optics\/#website\",\"url\":\"https:\/\/ballutte.com\/optics\/\",\"name\":\"Ballutte Optics\",\"description\":\"Ballutte for More Clear Future\",\"publisher\":{\"@id\":\"https:\/\/ballutte.com\/optics\/#organization\"},\"alternateName\":\"Ballutte Optics\",\"potentialAction\":[{\"@type\":\"SearchAction\",\"target\":{\"@type\":\"EntryPoint\",\"urlTemplate\":\"https:\/\/ballutte.com\/optics\/?s={search_term_string}\"},\"query-input\":{\"@type\":\"PropertyValueSpecification\",\"valueRequired\":true,\"valueName\":\"search_term_string\"}}],\"inLanguage\":\"tr\"},{\"@type\":\"Organization\",\"@id\":\"https:\/\/ballutte.com\/optics\/#organization\",\"name\":\"Ballutte Opticals\",\"url\":\"https:\/\/ballutte.com\/optics\/\",\"logo\":{\"@type\":\"ImageObject\",\"inLanguage\":\"tr\",\"@id\":\"https:\/\/ballutte.com\/optics\/#\/schema\/logo\/image\/\",\"url\":\"https:\/\/ballutte.com\/optics\/wp-content\/uploads\/2024\/09\/Ballutte-Logo-Dark-Blue.webp\",\"contentUrl\":\"https:\/\/ballutte.com\/optics\/wp-content\/uploads\/2024\/09\/Ballutte-Logo-Dark-Blue.webp\",\"width\":371,\"height\":117,\"caption\":\"Ballutte Opticals\"},\"image\":{\"@id\":\"https:\/\/ballutte.com\/optics\/#\/schema\/logo\/image\/\"},\"sameAs\":[\"https:\/\/www.facebook.com\/Ballutte.Opticals\/\",\"https:\/\/www.instagram.com\/ballutte.opticals\"]}]}<\/script>\n<!-- \/ Yoast SEO plugin. -->","yoast_head_json":{"title":"Lenses - Ballutte Optics","description":"Discover Ballutte lenses: single vision, bifocal & progressive options with advanced coatings (SHMC, HMC, HC) and 1.591 polycarbonate index","robots":{"index":"index","follow":"follow","max-snippet":"max-snippet:-1","max-image-preview":"max-image-preview:large","max-video-preview":"max-video-preview:-1"},"canonical":"https:\/\/ballutte.com\/optics\/tr\/lenses\/","og_locale":"tr_TR","og_type":"article","og_title":"Lenses - Ballutte Optics","og_description":"Discover Ballutte lenses: single vision, bifocal & progressive options with advanced coatings (SHMC, HMC, HC) and 1.591 polycarbonate index","og_url":"https:\/\/ballutte.com\/optics\/tr\/lenses\/","og_site_name":"Ballutte Optics","article_publisher":"https:\/\/www.facebook.com\/Ballutte.Opticals\/","article_modified_time":"2025-07-24T08:52:48+00:00","og_image":[{"url":"https:\/\/ballutte.com\/optics\/wp-content\/uploads\/2025\/07\/Untitled-design-61.png","type":"","width":"","height":""}],"twitter_card":"summary_large_image","twitter_misc":{"Tahmini okuma s\u00fcresi":"3 dakika"},"schema":{"@context":"https:\/\/schema.org","@graph":[{"@type":"WebPage","@id":"https:\/\/ballutte.com\/optics\/lenses\/","url":"https:\/\/ballutte.com\/optics\/lenses\/","name":"Lenses - Ballutte Optics","isPartOf":{"@id":"https:\/\/ballutte.com\/optics\/#website"},"primaryImageOfPage":{"@id":"https:\/\/ballutte.com\/optics\/lenses\/#primaryimage"},"image":{"@id":"https:\/\/ballutte.com\/optics\/lenses\/#primaryimage"},"thumbnailUrl":"https:\/\/ballutte.com\/optics\/wp-content\/uploads\/2025\/07\/Untitled-design-61.png","datePublished":"2025-02-17T07:47:06+00:00","dateModified":"2025-07-24T08:52:48+00:00","description":"Discover Ballutte lenses: single vision, bifocal & progressive options with advanced coatings (SHMC, HMC, HC) and 1.591 polycarbonate index","breadcrumb":{"@id":"https:\/\/ballutte.com\/optics\/lenses\/#breadcrumb"},"inLanguage":"tr","potentialAction":[{"@type":"ReadAction","target":["https:\/\/ballutte.com\/optics\/lenses\/"]}]},{"@type":"ImageObject","inLanguage":"tr","@id":"https:\/\/ballutte.com\/optics\/lenses\/#primaryimage","url":"https:\/\/ballutte.com\/optics\/wp-content\/uploads\/2025\/07\/Untitled-design-61.png","contentUrl":"https:\/\/ballutte.com\/optics\/wp-content\/uploads\/2025\/07\/Untitled-design-61.png"},{"@type":"BreadcrumbList","@id":"https:\/\/ballutte.com\/optics\/lenses\/#breadcrumb","itemListElement":[{"@type":"ListItem","position":1,"name":"Home","item":"https:\/\/ballutte.com\/optics\/"},{"@type":"ListItem","position":2,"name":"Lenses"}]},{"@type":"WebSite","@id":"https:\/\/ballutte.com\/optics\/#website","url":"https:\/\/ballutte.com\/optics\/","name":"Ballutte Optics","description":"Ballutte for More Clear Future","publisher":{"@id":"https:\/\/ballutte.com\/optics\/#organization"},"alternateName":"Ballutte Optics","potentialAction":[{"@type":"SearchAction","target":{"@type":"EntryPoint","urlTemplate":"https:\/\/ballutte.com\/optics\/?s={search_term_string}"},"query-input":{"@type":"PropertyValueSpecification","valueRequired":true,"valueName":"search_term_string"}}],"inLanguage":"tr"},{"@type":"Organization","@id":"https:\/\/ballutte.com\/optics\/#organization","name":"Ballutte Opticals","url":"https:\/\/ballutte.com\/optics\/","logo":{"@type":"ImageObject","inLanguage":"tr","@id":"https:\/\/ballutte.com\/optics\/#\/schema\/logo\/image\/","url":"https:\/\/ballutte.com\/optics\/wp-content\/uploads\/2024\/09\/Ballutte-Logo-Dark-Blue.webp","contentUrl":"https:\/\/ballutte.com\/optics\/wp-content\/uploads\/2024\/09\/Ballutte-Logo-Dark-Blue.webp","width":371,"height":117,"caption":"Ballutte Opticals"},"image":{"@id":"https:\/\/ballutte.com\/optics\/#\/schema\/logo\/image\/"},"sameAs":["https:\/\/www.facebook.com\/Ballutte.Opticals\/","https:\/\/www.instagram.com\/ballutte.opticals"]}]}},"_links":{"self":[{"href":"https:\/\/ballutte.com\/optics\/tr\/wp-json\/wp\/v2\/pages\/1594","targetHints":{"allow":["GET"]}}],"collection":[{"href":"https:\/\/ballutte.com\/optics\/tr\/wp-json\/wp\/v2\/pages"}],"about":[{"href":"https:\/\/ballutte.com\/optics\/tr\/wp-json\/wp\/v2\/types\/page"}],"author":[{"embeddable":true,"href":"https:\/\/ballutte.com\/optics\/tr\/wp-json\/wp\/v2\/users\/1"}],"replies":[{"embeddable":true,"href":"https:\/\/ballutte.com\/optics\/tr\/wp-json\/wp\/v2\/comments?post=1594"}],"version-history":[{"count":7,"href":"https:\/\/ballutte.com\/optics\/tr\/wp-json\/wp\/v2\/pages\/1594\/revisions"}],"predecessor-version":[{"id":2382,"href":"https:\/\/ballutte.com\/optics\/tr\/wp-json\/wp\/v2\/pages\/1594\/revisions\/2382"}],"wp:attachment":[{"href":"https:\/\/ballutte.com\/optics\/tr\/wp-json\/wp\/v2\/media?parent=1594"}],"curies":[{"name":"wp","href":"https:\/\/api.w.org\/{rel}","templated":true}]}}