{"id":379,"date":"2019-12-23T23:17:32","date_gmt":"2019-12-23T16:17:32","guid":{"rendered":"https:\/\/yena.la-studioweb.com\/?page_id=379"},"modified":"2025-08-28T10:46:44","modified_gmt":"2025-08-28T10:46:44","slug":"contact-us","status":"publish","type":"page","link":"https:\/\/ballutte.com\/optics\/tr\/contact-us\/","title":{"rendered":"Bize Ula\u015f\u0131n"},"content":{"rendered":"<div data-elementor-type=\"wp-page\" data-elementor-id=\"379\" class=\"elementor elementor-379\">\n\t\t\t\t\t\t<div class=\"elementor-section elementor-top-section elementor-element elementor-element-ab15920 elementor-section-stretched elementor-section-height-min-height elementor-section-boxed elementor-section-height-default elementor-section-items-middle\" data-id=\"ab15920\" data-element_type=\"section\" data-settings=\"{&quot;stretch_section&quot;:&quot;section-stretched&quot;,&quot;background_background&quot;:&quot;classic&quot;}\">\n\t\t\t\t\t\t<div class=\"elementor-container elementor-column-gap-no\">\n\t\t\t\t\t<div class=\"elementor-column elementor-col-100 elementor-top-column elementor-element elementor-element-05d626f\" data-id=\"05d626f\" data-element_type=\"column\">\n\t\t\t<div class=\"elementor-widget-wrap elementor-element-populated\">\n\t\t\t\t\t\t<div class=\"elementor-element elementor-element-b985f8b elementor-widget elementor-widget-heading\" data-id=\"b985f8b\" data-element_type=\"widget\" data-widget_type=\"heading.default\">\n\t\t\t\t<div class=\"elementor-widget-container\">\n\t\t\t\t\t<div class=\"elementor-heading-title elementor-size-default\">Home \/ Pages \/ Contact Us<\/div>\t\t\t\t<\/div>\n\t\t\t\t<\/div>\n\t\t\t\t\t<\/div>\n\t\t<\/div>\n\t\t\t\t\t<\/div>\n\t\t<\/div>\n\t\t<div class=\"elementor-element elementor-element-8935124 e-grid e-con-boxed e-con e-parent\" data-id=\"8935124\" data-element_type=\"container\">\n\t\t\t\t\t<div class=\"e-con-inner\">\n\t\t\t\t<div class=\"elementor-element elementor-element-424570a elementor-widget-divider--view-line elementor-widget elementor-widget-divider\" data-id=\"424570a\" data-element_type=\"widget\" data-widget_type=\"divider.default\">\n\t\t\t\t<div class=\"elementor-widget-container\">\n\t\t\t\t\t\t\t<div class=\"elementor-divider\">\n\t\t\t<span class=\"elementor-divider-separator\">\n\t\t\t\t\t\t<\/span>\n\t\t<\/div>\n\t\t\t\t\t\t<\/div>\n\t\t\t\t<\/div>\n\t\t\t\t\t<\/div>\n\t\t\t\t<\/div>\n\t\t<div class=\"elementor-element elementor-element-bff6082 e-grid e-con-boxed e-con e-parent\" data-id=\"bff6082\" data-element_type=\"container\">\n\t\t\t\t\t<div class=\"e-con-inner\">\n\t\t<div class=\"elementor-element elementor-element-23bd70b e-grid e-con-full e-con e-child\" data-id=\"23bd70b\" data-element_type=\"container\">\n\t\t\t\t<div class=\"elementor-element elementor-element-647b753 elementor-position-top elementor-widget elementor-widget-image-box\" data-id=\"647b753\" data-element_type=\"widget\" data-widget_type=\"image-box.default\">\n\t\t\t\t<div class=\"elementor-widget-container\">\n\t\t\t\t\t<div class=\"elementor-image-box-wrapper\"><figure class=\"elementor-image-box-img\"><img decoding=\"async\" width=\"167\" height=\"167\" src=\"https:\/\/ballutte.com\/optics\/wp-content\/themes\/yena\/assets\/images\/blank.gif\" class=\"attachment-full size-full wp-image-1166 la-lazyload-image\" alt=\"\" data-src=\"https:\/\/ballutte.com\/optics\/wp-content\/uploads\/2024\/09\/location.svg\" \/><\/figure><div class=\"elementor-image-box-content\"><h3 class=\"elementor-image-box-title\">ADRES<\/h3><p class=\"elementor-image-box-description\">7 Bell Yard, London, ENGLAND,WC2A 2JR\nUNITED KINGDOM<\/p><\/div><\/div>\t\t\t\t<\/div>\n\t\t\t\t<\/div>\n\t\t\t\t<div class=\"elementor-element elementor-element-a2764db elementor-position-top elementor-widget elementor-widget-image-box\" data-id=\"a2764db\" data-element_type=\"widget\" data-widget_type=\"image-box.default\">\n\t\t\t\t<div class=\"elementor-widget-container\">\n\t\t\t\t\t<div class=\"elementor-image-box-wrapper\"><figure class=\"elementor-image-box-img\"><a href=\"mailto:optics@ballutte.com\" tabindex=\"-1\"><img decoding=\"async\" width=\"167\" height=\"167\" src=\"https:\/\/ballutte.com\/optics\/wp-content\/themes\/yena\/assets\/images\/blank.gif\" class=\"attachment-full size-full wp-image-1165 la-lazyload-image\" alt=\"\" data-src=\"https:\/\/ballutte.com\/optics\/wp-content\/uploads\/2024\/09\/phone.svg\" \/><\/a><\/figure><div class=\"elementor-image-box-content\"><h3 class=\"elementor-image-box-title\"><a href=\"mailto:optics@ballutte.com\">TELEFON NUMARASI<\/a><\/h3><p class=\"elementor-image-box-description\">+44 7441 370709<\/p><\/div><\/div>\t\t\t\t<\/div>\n\t\t\t\t<\/div>\n\t\t\t\t<div class=\"elementor-element elementor-element-7e508a5 elementor-position-top elementor-widget elementor-widget-image-box\" data-id=\"7e508a5\" data-element_type=\"widget\" data-widget_type=\"image-box.default\">\n\t\t\t\t<div class=\"elementor-widget-container\">\n\t\t\t\t\t<div class=\"elementor-image-box-wrapper\"><figure class=\"elementor-image-box-img\"><a href=\"tel:00447441370709\" tabindex=\"-1\"><img decoding=\"async\" width=\"167\" height=\"167\" src=\"https:\/\/ballutte.com\/optics\/wp-content\/themes\/yena\/assets\/images\/blank.gif\" class=\"attachment-full size-full wp-image-1167 la-lazyload-image\" alt=\"\" data-src=\"https:\/\/ballutte.com\/optics\/wp-content\/uploads\/2024\/09\/mail.svg\" \/><\/a><\/figure><div class=\"elementor-image-box-content\"><h3 class=\"elementor-image-box-title\"><a href=\"tel:00447441370709\">\u0130LET\u0130\u015e\u0130M<\/a><\/h3><p class=\"elementor-image-box-description\">optics@ballutte.com<\/p><\/div><\/div>\t\t\t\t<\/div>\n\t\t\t\t<\/div>\n\t\t\t\t<\/div>\n\t\t\t\t\t<\/div>\n\t\t\t\t<\/div>\n\t\t<div class=\"elementor-element elementor-element-bd7b43f e-grid e-con-boxed e-con e-parent\" data-id=\"bd7b43f\" data-element_type=\"container\">\n\t\t\t\t\t<div class=\"e-con-inner\">\n\t\t\t\t<div class=\"elementor-element elementor-element-7794f6f elementor-widget-divider--view-line elementor-widget elementor-widget-divider\" data-id=\"7794f6f\" data-element_type=\"widget\" data-widget_type=\"divider.default\">\n\t\t\t\t<div class=\"elementor-widget-container\">\n\t\t\t\t\t\t\t<div class=\"elementor-divider\">\n\t\t\t<span class=\"elementor-divider-separator\">\n\t\t\t\t\t\t<\/span>\n\t\t<\/div>\n\t\t\t\t\t\t<\/div>\n\t\t\t\t<\/div>\n\t\t\t\t\t<\/div>\n\t\t\t\t<\/div>\n\t\t\t\t<div class=\"elementor-section elementor-top-section elementor-element elementor-element-6a61546 elementor-section-boxed elementor-section-height-default elementor-section-height-default\" data-id=\"6a61546\" data-element_type=\"section\">\n\t\t\t\t\t\t<div class=\"elementor-container elementor-column-gap-narrow\">\n\t\t\t\t\t<div class=\"elementor-column elementor-col-100 elementor-top-column elementor-element elementor-element-b633e57\" data-id=\"b633e57\" data-element_type=\"column\">\n\t\t\t<div class=\"elementor-widget-wrap elementor-element-populated\">\n\t\t\t\t\t\t<div class=\"elementor-element elementor-element-ab0ae7a elementor-widget elementor-widget-heading\" data-id=\"ab0ae7a\" data-element_type=\"widget\" data-widget_type=\"heading.default\">\n\t\t\t\t<div class=\"elementor-widget-container\">\n\t\t\t\t\t<h5 class=\"elementor-heading-title elementor-size-default\">Bize Ula\u015f\u0131n<\/h5>\t\t\t\t<\/div>\n\t\t\t\t<\/div>\n\t\t\t\t<div class=\"elementor-element elementor-element-8128dcd elementor-widget elementor-widget-heading\" data-id=\"8128dcd\" data-element_type=\"widget\" data-widget_type=\"heading.default\">\n\t\t\t\t<div class=\"elementor-widget-container\">\n\t\t\t\t\t<div class=\"elementor-heading-title elementor-size-default\">Yorumlar\u0131n\u0131z veya sorular\u0131n\u0131z m\u0131 var? Bize bir mesaj b\u0131rak\u0131n, en k\u0131sa s\u00fcrede size geri d\u00f6n\u00fc\u015f yapal\u0131m!<\/div>\t\t\t\t<\/div>\n\t\t\t\t<\/div>\n\t\t\t\t<div class=\"elementor-element elementor-element-6882142 elementor-widget elementor-widget-wpforms\" data-id=\"6882142\" data-element_type=\"widget\" data-widget_type=\"wpforms.default\">\n\t\t\t\t<div class=\"elementor-widget-container\">\n\t\t\t\t\t<style id=\"wpforms-css-vars-elementor-widget-6882142\">\n\t\t\t\t.elementor-widget-wpforms.elementor-element-6882142 {\n\t\t\t\t--wpforms-field-border-radius: 15px;\n--wpforms-label-color: #263E51;\n--wpforms-button-border-radius: 15px;\n--wpforms-button-background-color: #263E51;\n--wpforms-page-break-color: #263E51;\n--wpforms-button-size-font-size: 20px;\n--wpforms-button-size-height: 48px;\n--wpforms-button-size-padding-h: 20px;\n--wpforms-button-size-margin-top: 15px;\n\n\t\t\t}\n\t\t\t<\/style><div class=\"wpforms-container wpforms-container-full wpforms-render-modern\" id=\"wpforms-2463\"><form id=\"wpforms-form-2463\" class=\"wpforms-validate wpforms-form wpforms-ajax-form\" data-formid=\"2463\" method=\"post\" enctype=\"multipart\/form-data\" action=\"\/optics\/tr\/wp-json\/wp\/v2\/pages\/379\" data-token=\"cc1adf0130e04c211f6e9b6a8d6166dd\" data-token-time=\"1776401618\" data-trp-original-action=\"\/optics\/tr\/wp-json\/wp\/v2\/pages\/379\"><noscript class=\"wpforms-error-noscript\">Bu formu bitirebilmek i\u00e7in taray\u0131c\u0131n\u0131zda JavaScript&#039;i etkinle\u015ftirin.<\/noscript><div id=\"wpforms-error-noscript\" style=\"display: none;\">Bu formu bitirebilmek i\u00e7in taray\u0131c\u0131n\u0131zda JavaScript&#039;i etkinle\u015ftirin.<\/div><div class=\"wpforms-field-container\"><div id=\"wpforms-2463-field_1-container\" class=\"wpforms-field wpforms-field-name wpforms-two-thirds wpforms-first\" data-field-id=\"1\"><label class=\"wpforms-field-label\" for=\"wpforms-2463-field_1\">Name <span class=\"wpforms-required-label\" aria-hidden=\"true\">*<\/span><\/label><input type=\"text\" id=\"wpforms-2463-field_1\" class=\"wpforms-field-medium wpforms-field-required\" name=\"wpforms[fields][1]\" aria-errormessage=\"wpforms-2463-field_1-error\" required><\/div><div id=\"wpforms-2463-field_6-container\" class=\"wpforms-field wpforms-field-text\" data-field-id=\"6\"><label class=\"wpforms-field-label\" for=\"wpforms-2463-field_6\">TELEFON NUMARASI<\/label><input type=\"text\" id=\"wpforms-2463-field_6\" class=\"wpforms-field-medium\" name=\"wpforms[fields][6]\" aria-errormessage=\"wpforms-2463-field_6-error\" ><\/div>\t\t<div id=\"wpforms-2463-field_4-container\"\n\t\t\tclass=\"wpforms-field wpforms-field-text\"\n\t\t\tdata-field-type=\"text\"\n\t\t\tdata-field-id=\"4\"\n\t\t\t>\n\t\t\t<label class=\"wpforms-field-label\" for=\"wpforms-2463-field_4\" >Comment Phone or<\/label>\n\t\t\t<input type=\"text\" id=\"wpforms-2463-field_4\" class=\"wpforms-field-medium\" name=\"wpforms[fields][4]\" >\n\t\t<\/div>\n\t\t<div id=\"wpforms-2463-field_2-container\" class=\"wpforms-field wpforms-field-email wpforms-two-thirds wpforms-first\" data-field-id=\"2\"><label class=\"wpforms-field-label\" for=\"wpforms-2463-field_2\">Email <span class=\"wpforms-required-label\" aria-hidden=\"true\">*<\/span><\/label><input type=\"email\" id=\"wpforms-2463-field_2\" class=\"wpforms-field-medium wpforms-field-required\" name=\"wpforms[fields][2]\" spellcheck=\"false\" aria-errormessage=\"wpforms-2463-field_2-error\" required><\/div><div id=\"wpforms-2463-field_3-container\" class=\"wpforms-field wpforms-field-textarea wpforms-two-thirds wpforms-first\" data-field-id=\"3\"><label class=\"wpforms-field-label\" for=\"wpforms-2463-field_3\">Comment or Message<\/label><textarea id=\"wpforms-2463-field_3\" class=\"wpforms-field-medium\" name=\"wpforms[fields][3]\" aria-errormessage=\"wpforms-2463-field_3-error\" ><\/textarea><\/div><script>\n\t\t\t\t( function() {\n\t\t\t\t\tconst style = document.createElement( 'style' );\n\t\t\t\t\tstyle.appendChild( document.createTextNode( '#wpforms-2463-field_4-container { position: absolute !important; overflow: hidden !important; display: inline !important; height: 1px !important; width: 1px !important; z-index: -1000 !important; padding: 0 !important; } #wpforms-2463-field_4-container input { visibility: hidden; } #wpforms-conversational-form-page #wpforms-2463-field_4-container label { counter-increment: none; }' ) );\n\t\t\t\t\tdocument.head.appendChild( style );\n\t\t\t\t\tdocument.currentScript?.remove();\n\t\t\t\t} )();\n\t\t\t<\/script><\/div><!-- .wpforms-field-container --><div class=\"wpforms-submit-container\" ><input type=\"hidden\" name=\"wpforms[id]\" value=\"2463\"><input type=\"hidden\" name=\"page_title\" value=\"\"><input type=\"hidden\" name=\"page_url\" value=\"https:\/\/ballutte.com\/optics\/tr\/wp-json\/wp\/v2\/pages\/379\"><input type=\"hidden\" name=\"url_referer\" value=\"\"><button type=\"submit\" name=\"wpforms[submit]\" id=\"wpforms-submit-2463\" class=\"wpforms-submit\" data-alt-text=\"Sending...\" data-submit-text=\"Submit\" aria-live=\"assertive\" value=\"wpforms-submit\">Submit<\/button><img loading=\"lazy\" decoding=\"async\" src=\"https:\/\/ballutte.com\/optics\/wp-content\/plugins\/wpforms-lite\/assets\/images\/submit-spin.svg\" class=\"wpforms-submit-spinner\" style=\"display: none;\" width=\"26\" height=\"26\" alt=\"Y\u00fckleniyor\"><\/div><input type=\"hidden\" name=\"trp-form-language\" value=\"tr\"\/><\/form><\/div>  <!-- .wpforms-container -->\t\t\t\t<\/div>\n\t\t\t\t<\/div>\n\t\t\t\t\t<\/div>\n\t\t<\/div>\n\t\t\t\t\t<\/div>\n\t\t<\/div>\n\t\t\t\t<\/div>","protected":false},"excerpt":{"rendered":"<p>Home \/ Pages \/ Contact Us Address 7 Bell Yard, London, ENGLAND,WC2A 2JR UNITED KINGDOM Phone Number +44 7441 370709 email address optics@ballutte.com Reach Out [&hellip;]<\/p>","protected":false},"author":1,"featured_media":0,"parent":0,"menu_order":0,"comment_status":"closed","ping_status":"closed","template":"","meta":{"footnotes":""},"class_list":["post-379","page","type-page","status-publish","hentry"],"yoast_head":"<!-- This site is optimized with the Yoast SEO plugin v25.8 - https:\/\/yoast.com\/wordpress\/plugins\/seo\/ -->\n<title>Contact Us - Ballutte Optics<\/title>\n<meta name=\"description\" content=\"Contact Ballutte Optics for inquiries about our ophthalmic lenses, orders, or expert advice. Our team is here to assist you with any questions and provide the support you need to achieve optimal vision\" \/>\n<meta name=\"robots\" content=\"index, follow, max-snippet:-1, max-image-preview:large, max-video-preview:-1\" \/>\n<link rel=\"canonical\" href=\"https:\/\/ballutte.com\/optics\/tr\/contact-us\/\" \/>\n<meta property=\"og:locale\" content=\"tr_TR\" \/>\n<meta property=\"og:type\" content=\"article\" \/>\n<meta property=\"og:title\" content=\"Contact Us - Ballutte Optics\" \/>\n<meta property=\"og:description\" content=\"Contact Ballutte Optics for inquiries about our ophthalmic lenses, orders, or expert advice. Our team is here to assist you with any questions and provide the support you need to achieve optimal vision\" \/>\n<meta property=\"og:url\" content=\"https:\/\/ballutte.com\/optics\/tr\/contact-us\/\" \/>\n<meta property=\"og:site_name\" content=\"Ballutte Optics\" \/>\n<meta property=\"article:publisher\" content=\"https:\/\/www.facebook.com\/Ballutte.Opticals\/\" \/>\n<meta property=\"article:modified_time\" content=\"2025-08-28T10:46:44+00:00\" \/>\n<meta property=\"og:image\" content=\"https:\/\/ballutte.com\/optics\/wp-content\/uploads\/2024\/09\/location.svg\" \/>\n<meta name=\"twitter:card\" content=\"summary_large_image\" \/>\n<meta name=\"twitter:label1\" content=\"Tahmini okuma s\u00fcresi\" \/>\n\t<meta name=\"twitter:data1\" content=\"1 dakika\" \/>\n<script type=\"application\/ld+json\" class=\"yoast-schema-graph\">{\"@context\":\"https:\/\/schema.org\",\"@graph\":[{\"@type\":\"WebPage\",\"@id\":\"https:\/\/ballutte.com\/optics\/contact-us\/\",\"url\":\"https:\/\/ballutte.com\/optics\/contact-us\/\",\"name\":\"Contact Us - Ballutte Optics\",\"isPartOf\":{\"@id\":\"https:\/\/ballutte.com\/optics\/#website\"},\"primaryImageOfPage\":{\"@id\":\"https:\/\/ballutte.com\/optics\/contact-us\/#primaryimage\"},\"image\":{\"@id\":\"https:\/\/ballutte.com\/optics\/contact-us\/#primaryimage\"},\"thumbnailUrl\":\"https:\/\/ballutte.com\/optics\/wp-content\/uploads\/2024\/09\/location.svg\",\"datePublished\":\"2019-12-23T16:17:32+00:00\",\"dateModified\":\"2025-08-28T10:46:44+00:00\",\"description\":\"Contact Ballutte Optics for inquiries about our ophthalmic lenses, orders, or expert advice. Our team is here to assist you with any questions and provide the support you need to achieve optimal vision\",\"breadcrumb\":{\"@id\":\"https:\/\/ballutte.com\/optics\/contact-us\/#breadcrumb\"},\"inLanguage\":\"tr\",\"potentialAction\":[{\"@type\":\"ReadAction\",\"target\":[\"https:\/\/ballutte.com\/optics\/contact-us\/\"]}]},{\"@type\":\"ImageObject\",\"inLanguage\":\"tr\",\"@id\":\"https:\/\/ballutte.com\/optics\/contact-us\/#primaryimage\",\"url\":\"https:\/\/ballutte.com\/optics\/wp-content\/uploads\/2024\/09\/location.svg\",\"contentUrl\":\"https:\/\/ballutte.com\/optics\/wp-content\/uploads\/2024\/09\/location.svg\"},{\"@type\":\"BreadcrumbList\",\"@id\":\"https:\/\/ballutte.com\/optics\/contact-us\/#breadcrumb\",\"itemListElement\":[{\"@type\":\"ListItem\",\"position\":1,\"name\":\"Home\",\"item\":\"https:\/\/ballutte.com\/optics\/\"},{\"@type\":\"ListItem\",\"position\":2,\"name\":\"Contact Us\"}]},{\"@type\":\"WebSite\",\"@id\":\"https:\/\/ballutte.com\/optics\/#website\",\"url\":\"https:\/\/ballutte.com\/optics\/\",\"name\":\"Ballutte Optics\",\"description\":\"Ballutte for More Clear Future\",\"publisher\":{\"@id\":\"https:\/\/ballutte.com\/optics\/#organization\"},\"alternateName\":\"Ballutte Optics\",\"potentialAction\":[{\"@type\":\"SearchAction\",\"target\":{\"@type\":\"EntryPoint\",\"urlTemplate\":\"https:\/\/ballutte.com\/optics\/?s={search_term_string}\"},\"query-input\":{\"@type\":\"PropertyValueSpecification\",\"valueRequired\":true,\"valueName\":\"search_term_string\"}}],\"inLanguage\":\"tr\"},{\"@type\":\"Organization\",\"@id\":\"https:\/\/ballutte.com\/optics\/#organization\",\"name\":\"Ballutte Opticals\",\"url\":\"https:\/\/ballutte.com\/optics\/\",\"logo\":{\"@type\":\"ImageObject\",\"inLanguage\":\"tr\",\"@id\":\"https:\/\/ballutte.com\/optics\/#\/schema\/logo\/image\/\",\"url\":\"https:\/\/ballutte.com\/optics\/wp-content\/uploads\/2024\/09\/Ballutte-Logo-Dark-Blue.webp\",\"contentUrl\":\"https:\/\/ballutte.com\/optics\/wp-content\/uploads\/2024\/09\/Ballutte-Logo-Dark-Blue.webp\",\"width\":371,\"height\":117,\"caption\":\"Ballutte Opticals\"},\"image\":{\"@id\":\"https:\/\/ballutte.com\/optics\/#\/schema\/logo\/image\/\"},\"sameAs\":[\"https:\/\/www.facebook.com\/Ballutte.Opticals\/\",\"https:\/\/www.instagram.com\/ballutte.opticals\"]}]}<\/script>\n<!-- \/ Yoast SEO plugin. -->","yoast_head_json":{"title":"Contact Us - Ballutte Optics","description":"Contact Ballutte Optics for inquiries about our ophthalmic lenses, orders, or expert advice. Our team is here to assist you with any questions and provide the support you need to achieve optimal vision","robots":{"index":"index","follow":"follow","max-snippet":"max-snippet:-1","max-image-preview":"max-image-preview:large","max-video-preview":"max-video-preview:-1"},"canonical":"https:\/\/ballutte.com\/optics\/tr\/contact-us\/","og_locale":"tr_TR","og_type":"article","og_title":"Contact Us - Ballutte Optics","og_description":"Contact Ballutte Optics for inquiries about our ophthalmic lenses, orders, or expert advice. Our team is here to assist you with any questions and provide the support you need to achieve optimal vision","og_url":"https:\/\/ballutte.com\/optics\/tr\/contact-us\/","og_site_name":"Ballutte Optics","article_publisher":"https:\/\/www.facebook.com\/Ballutte.Opticals\/","article_modified_time":"2025-08-28T10:46:44+00:00","og_image":[{"url":"https:\/\/ballutte.com\/optics\/wp-content\/uploads\/2024\/09\/location.svg","type":"","width":"","height":""}],"twitter_card":"summary_large_image","twitter_misc":{"Tahmini okuma s\u00fcresi":"1 dakika"},"schema":{"@context":"https:\/\/schema.org","@graph":[{"@type":"WebPage","@id":"https:\/\/ballutte.com\/optics\/contact-us\/","url":"https:\/\/ballutte.com\/optics\/contact-us\/","name":"Contact Us - Ballutte Optics","isPartOf":{"@id":"https:\/\/ballutte.com\/optics\/#website"},"primaryImageOfPage":{"@id":"https:\/\/ballutte.com\/optics\/contact-us\/#primaryimage"},"image":{"@id":"https:\/\/ballutte.com\/optics\/contact-us\/#primaryimage"},"thumbnailUrl":"https:\/\/ballutte.com\/optics\/wp-content\/uploads\/2024\/09\/location.svg","datePublished":"2019-12-23T16:17:32+00:00","dateModified":"2025-08-28T10:46:44+00:00","description":"Contact Ballutte Optics for inquiries about our ophthalmic lenses, orders, or expert advice. Our team is here to assist you with any questions and provide the support you need to achieve optimal vision","breadcrumb":{"@id":"https:\/\/ballutte.com\/optics\/contact-us\/#breadcrumb"},"inLanguage":"tr","potentialAction":[{"@type":"ReadAction","target":["https:\/\/ballutte.com\/optics\/contact-us\/"]}]},{"@type":"ImageObject","inLanguage":"tr","@id":"https:\/\/ballutte.com\/optics\/contact-us\/#primaryimage","url":"https:\/\/ballutte.com\/optics\/wp-content\/uploads\/2024\/09\/location.svg","contentUrl":"https:\/\/ballutte.com\/optics\/wp-content\/uploads\/2024\/09\/location.svg"},{"@type":"BreadcrumbList","@id":"https:\/\/ballutte.com\/optics\/contact-us\/#breadcrumb","itemListElement":[{"@type":"ListItem","position":1,"name":"Home","item":"https:\/\/ballutte.com\/optics\/"},{"@type":"ListItem","position":2,"name":"Contact Us"}]},{"@type":"WebSite","@id":"https:\/\/ballutte.com\/optics\/#website","url":"https:\/\/ballutte.com\/optics\/","name":"Ballutte Optics","description":"Ballutte for More Clear Future","publisher":{"@id":"https:\/\/ballutte.com\/optics\/#organization"},"alternateName":"Ballutte Optics","potentialAction":[{"@type":"SearchAction","target":{"@type":"EntryPoint","urlTemplate":"https:\/\/ballutte.com\/optics\/?s={search_term_string}"},"query-input":{"@type":"PropertyValueSpecification","valueRequired":true,"valueName":"search_term_string"}}],"inLanguage":"tr"},{"@type":"Organization","@id":"https:\/\/ballutte.com\/optics\/#organization","name":"Ballutte Opticals","url":"https:\/\/ballutte.com\/optics\/","logo":{"@type":"ImageObject","inLanguage":"tr","@id":"https:\/\/ballutte.com\/optics\/#\/schema\/logo\/image\/","url":"https:\/\/ballutte.com\/optics\/wp-content\/uploads\/2024\/09\/Ballutte-Logo-Dark-Blue.webp","contentUrl":"https:\/\/ballutte.com\/optics\/wp-content\/uploads\/2024\/09\/Ballutte-Logo-Dark-Blue.webp","width":371,"height":117,"caption":"Ballutte Opticals"},"image":{"@id":"https:\/\/ballutte.com\/optics\/#\/schema\/logo\/image\/"},"sameAs":["https:\/\/www.facebook.com\/Ballutte.Opticals\/","https:\/\/www.instagram.com\/ballutte.opticals"]}]}},"_links":{"self":[{"href":"https:\/\/ballutte.com\/optics\/tr\/wp-json\/wp\/v2\/pages\/379","targetHints":{"allow":["GET"]}}],"collection":[{"href":"https:\/\/ballutte.com\/optics\/tr\/wp-json\/wp\/v2\/pages"}],"about":[{"href":"https:\/\/ballutte.com\/optics\/tr\/wp-json\/wp\/v2\/types\/page"}],"author":[{"embeddable":true,"href":"https:\/\/ballutte.com\/optics\/tr\/wp-json\/wp\/v2\/users\/1"}],"replies":[{"embeddable":true,"href":"https:\/\/ballutte.com\/optics\/tr\/wp-json\/wp\/v2\/comments?post=379"}],"version-history":[{"count":98,"href":"https:\/\/ballutte.com\/optics\/tr\/wp-json\/wp\/v2\/pages\/379\/revisions"}],"predecessor-version":[{"id":2482,"href":"https:\/\/ballutte.com\/optics\/tr\/wp-json\/wp\/v2\/pages\/379\/revisions\/2482"}],"wp:attachment":[{"href":"https:\/\/ballutte.com\/optics\/tr\/wp-json\/wp\/v2\/media?parent=379"}],"curies":[{"name":"wp","href":"https:\/\/api.w.org\/{rel}","templated":true}]}}