{"id":1383,"date":"2024-10-05T12:15:06","date_gmt":"2024-10-05T12:15:06","guid":{"rendered":"https:\/\/ballutte.com\/optics\/?page_id=1383"},"modified":"2026-02-10T13:04:19","modified_gmt":"2026-02-10T13:04:19","slug":"leadership-talks","status":"publish","type":"page","link":"https:\/\/ballutte.com\/tr\/leadership-talks\/","title":{"rendered":"Leadership Talks"},"content":{"rendered":"<div data-elementor-type=\"wp-page\" data-elementor-id=\"1383\" class=\"elementor elementor-1383\">\n\t\t\t\t<div class=\"elementor-element elementor-element-51bfdbb e-grid e-con-boxed e-con e-parent\" data-id=\"51bfdbb\" data-element_type=\"container\" data-e-type=\"container\">\n\t\t\t\t\t<div class=\"e-con-inner\">\n\t\t\t\t<div class=\"elementor-element elementor-element-4742db6 elementor-widget elementor-widget-heading\" data-id=\"4742db6\" data-element_type=\"widget\" data-e-type=\"widget\" data-widget_type=\"heading.default\">\n\t\t\t\t<div class=\"elementor-widget-container\">\n\t\t\t\t\t<h2 class=\"elementor-heading-title elementor-size-default\">Y\u00f6neticiden Mesaj<\/h2>\t\t\t\t<\/div>\n\t\t\t\t<\/div>\n\t\t\t\t<div class=\"elementor-element elementor-element-c961394 elementor-widget elementor-widget-text-editor\" data-id=\"c961394\" data-element_type=\"widget\" data-e-type=\"widget\" data-widget_type=\"text-editor.default\">\n\t\t\t\t<div class=\"elementor-widget-container\">\n\t\t\t\t\t\t\t\t\t<p>Ballutte\u00ae\u2019de ba\u015far\u0131 yolunda en b\u00fcy\u00fck g\u00fcc\u00fcm\u00fcz, deneyimli ve bilgili liderlerimizden olu\u015fan ekibimizdir. Her bir \u00fcye, kendi alan\u0131nda derin bir uzmanl\u0131k sunarak, \u015firketimizin vizyonunu ileriye ta\u015f\u0131mak ve m\u00fc\u015fterilerimize en y\u00fcksek kalitede hizmet sunmak i\u00e7in tutkuyla \u00e7al\u0131\u015fmaktad\u0131r. Stratejik karar alma s\u00fcre\u00e7lerinde yenilik\u00e7i yakla\u015f\u0131mlar benimseyen ekibimiz, Ballutte\u00ae\u2019nin b\u00fcy\u00fcme ve geli\u015fiminde hayati bir rol oynamaktad\u0131r. Her lider, \u00e7al\u0131\u015fmalar\u0131na adanm\u0131\u015f olup, bug\u00fcn sahip oldu\u011fumuz ba\u015far\u0131ya \u00f6nemli katk\u0131lar sa\u011flamaktad\u0131r. A\u015fa\u011f\u0131da, Ballutte\u00ae\u2019yi gelece\u011fe ta\u015f\u0131yan y\u00f6netim ekibimiz hakk\u0131nda daha fazla bilgi edinebilirsiniz.<\/p>\t\t\t\t\t\t\t\t<\/div>\n\t\t\t\t<\/div>\n\t\t\t\t\t<\/div>\n\t\t\t\t<\/div>\n\t\t<div class=\"elementor-element elementor-element-5fd8e4c e-flex e-con-boxed e-con e-parent\" data-id=\"5fd8e4c\" data-element_type=\"container\" data-e-type=\"container\">\n\t\t\t\t\t<div class=\"e-con-inner\">\n\t\t<div class=\"elementor-element elementor-element-d5b97bc e-con-full e-flex e-con e-child\" data-id=\"d5b97bc\" data-element_type=\"container\" data-e-type=\"container\">\n\t\t\t\t<div class=\"elementor-element elementor-element-5ad42da elementor-widget-laptop__width-initial elementor-widget elementor-widget-image\" data-id=\"5ad42da\" data-element_type=\"widget\" data-e-type=\"widget\" data-widget_type=\"image.default\">\n\t\t\t\t<div class=\"elementor-widget-container\">\n\t\t\t\t\t\t\t\t\t\t\t\t\t\t\t<img decoding=\"async\" src=\"https:\/\/ballutte.com\/wp-content\/uploads\/elementor\/thumbs\/hanz-1-rn0cbeh7kitcdz8alh2d96sw8jqlb50t4e3sb8kwf2.png\" title=\"Haz Chirf | Executive Manager\" alt=\"Haz Chirf | Executive Manager\" loading=\"lazy\" \/>\t\t\t\t\t\t\t\t\t\t\t\t\t\t\t<\/div>\n\t\t\t\t<\/div>\n\t\t\t\t<\/div>\n\t\t<div class=\"elementor-element elementor-element-2496075 e-con-full e-flex e-con e-child\" data-id=\"2496075\" data-element_type=\"container\" data-e-type=\"container\">\n\t\t\t\t<div class=\"elementor-element elementor-element-ab3803a elementor-widget elementor-widget-heading\" data-id=\"ab3803a\" data-element_type=\"widget\" data-e-type=\"widget\" data-widget_type=\"heading.default\">\n\t\t\t\t<div class=\"elementor-widget-container\">\n\t\t\t\t\t<h2 class=\"elementor-heading-title elementor-size-default\"><strong>Haz Chirf<\/strong> | \u0130cra M\u00fcd\u00fcr\u00fc<\/h2>\t\t\t\t<\/div>\n\t\t\t\t<\/div>\n\t\t\t\t<div class=\"elementor-element elementor-element-cdb6711 elementor-widget-laptop__width-initial elementor-widget elementor-widget-text-editor\" data-id=\"cdb6711\" data-element_type=\"widget\" data-e-type=\"widget\" data-widget_type=\"text-editor.default\">\n\t\t\t\t<div class=\"elementor-widget-container\">\n\t\t\t\t\t\t\t\t\t<p>Optik sekt\u00f6r\u00fcnde yenili\u011fin ne kadar kritik oldu\u011funu bizzat g\u00f6rd\u00fcm. G\u00fcn\u00fcm\u00fczde i\u015f sadece daha net g\u00f6rmekle ilgili de\u011fil; ayn\u0131 zamanda daha sa\u011fl\u0131kl\u0131 g\u00f6zler sa\u011flayan ve uzun vadeli konfor sunan ileri teknoloji sunmakla da ilgili.<\/p><p>D\u00fcnya yeni bir sorunla kar\u015f\u0131 kar\u015f\u0131ya: Y\u00fcksek teknoloji lensleri herkes i\u00e7in nas\u0131l daha uygun fiyatl\u0131 ve eri\u015filebilir hale getirebiliriz?<\/p><p>\u0130\u015fte Ballutte\u00ae\u2019un \u00f6ne \u00e7\u0131kt\u0131\u011f\u0131 nokta buras\u0131. Yenilik ve m\u00fc\u015fteri memnuniyetine olan sars\u0131lmaz odaklanmam\u0131zla bu zorlu\u011fun \u00fcstesinden geldik. Lenslerimiz sadece netlik sunmakla kalmaz; g\u00f6zleri zararl\u0131 etkenlerden korur, yorgunlu\u011fu azalt\u0131r ve uzun vadeli hasarlara kar\u015f\u0131 g\u00f6r\u00fc\u015f\u00fcn\u00fcz\u00fc g\u00fcvende tutar.<\/p><p>Ballutte\u00ae\u2019ta vizyonumuz, \u00fcst\u00fcn teknolojiyi eri\u015filebilirlikle birle\u015ftirerek geli\u015fmi\u015f optik alan\u0131nda en iyiyi sunmakt\u0131r. Herkesin daha iyi ve daha net bir g\u00f6r\u00fc\u015f i\u00e7in y\u00fcksek kaliteli lenslere eri\u015fimi olmas\u0131 gerekti\u011fine inan\u0131yoruz ve bunu m\u00fcmk\u00fcn k\u0131l\u0131yoruz.<\/p><p>Opti\u011fin her zamankinden daha fazlas\u0131n\u0131 talep etti\u011fi bir d\u00fcnyada, Ballutte\u00ae \u00e7\u00f6z\u00fcm sunar. Farkl\u0131 ihtiya\u00e7lara y\u00f6nelik geni\u015f \u00fcr\u00fcn yelpazemizle g\u00f6z sa\u011fl\u0131\u011f\u0131nda \u00f6nc\u00fc oluyor; g\u00f6zleri sa\u011fl\u0131kl\u0131, g\u00fcvenli ve uzun y\u0131llar net g\u00f6r\u00fcr halde tutuyoruz.<\/p>\t\t\t\t\t\t\t\t<\/div>\n\t\t\t\t<\/div>\n\t\t\t\t<\/div>\n\t\t\t\t\t<\/div>\n\t\t\t\t<\/div>\n\t\t<div class=\"elementor-element elementor-element-10289bb e-grid e-con-boxed e-con e-parent\" data-id=\"10289bb\" data-element_type=\"container\" data-e-type=\"container\" data-settings=\"{&quot;background_background&quot;:&quot;classic&quot;}\">\n\t\t\t\t\t<div class=\"e-con-inner\">\n\t\t\t\t<div class=\"elementor-element elementor-element-7dcd5f7 elementor-widget-divider--view-line elementor-widget elementor-widget-divider\" data-id=\"7dcd5f7\" data-element_type=\"widget\" data-e-type=\"widget\" data-widget_type=\"divider.default\">\n\t\t\t\t<div class=\"elementor-widget-container\">\n\t\t\t\t\t\t\t<div class=\"elementor-divider\">\n\t\t\t<span class=\"elementor-divider-separator\">\n\t\t\t\t\t\t<\/span>\n\t\t<\/div>\n\t\t\t\t\t\t<\/div>\n\t\t\t\t<\/div>\n\t\t\t\t\t<\/div>\n\t\t\t\t<\/div>\n\t\t\t\t<\/div>","protected":false},"excerpt":{"rendered":"<p>Message from Directors At Ballutte\u00ae, our greatest strength on the path to success is our team of experienced and knowledgeable leaders. Each member brings a [&hellip;]<\/p>\n","protected":false},"author":1,"featured_media":1269,"parent":0,"menu_order":0,"comment_status":"closed","ping_status":"closed","template":"elementor_header_footer","meta":{"footnotes":""},"class_list":["post-1383","page","type-page","status-publish","has-post-thumbnail","hentry"],"yoast_head":"<!-- This site is optimized with the Yoast SEO plugin v27.5 - https:\/\/yoast.com\/product\/yoast-seo-wordpress\/ -->\n<title>Leadership Talks - Ballutte Optics<\/title>\n<meta name=\"description\" content=\"Discover the insights and vision behind Ballutte Optics. Hear from our CEO, Sales Director, and QA about the values, innovation, and passion.\" \/>\n<meta name=\"robots\" content=\"index, follow, max-snippet:-1, max-image-preview:large, max-video-preview:-1\" \/>\n<link rel=\"canonical\" href=\"https:\/\/mediumpurple-raccoon-190074.hostingersite.com\/leadership-talks\/\" \/>\n<meta property=\"og:locale\" content=\"tr_TR\" \/>\n<meta property=\"og:type\" content=\"article\" \/>\n<meta property=\"og:title\" content=\"Leadership Talks - Ballutte Optics\" \/>\n<meta property=\"og:description\" content=\"Discover the insights and vision behind Ballutte Optics. Hear from our CEO, Sales Director, and QA about the values, innovation, and passion.\" \/>\n<meta property=\"og:url\" content=\"https:\/\/mediumpurple-raccoon-190074.hostingersite.com\/leadership-talks\/\" \/>\n<meta property=\"og:site_name\" content=\"Ballutte Optics\" \/>\n<meta property=\"article:publisher\" content=\"https:\/\/www.facebook.com\/Ballutte.Opticals\/\" \/>\n<meta property=\"article:modified_time\" content=\"2026-02-10T13:04:19+00:00\" \/>\n<meta property=\"og:image\" content=\"https:\/\/mediumpurple-raccoon-190074.hostingersite.com\/wp-content\/uploads\/2024\/10\/ballutte-homepage-logo.webp\" \/>\n\t<meta property=\"og:image:width\" content=\"1920\" \/>\n\t<meta property=\"og:image:height\" content=\"519\" \/>\n\t<meta property=\"og:image:type\" content=\"image\/webp\" \/>\n<meta name=\"twitter:card\" content=\"summary_large_image\" \/>\n<meta name=\"twitter:label1\" content=\"Tahmini okuma s\u00fcresi\" \/>\n\t<meta name=\"twitter:data1\" content=\"2 dakika\" \/>\n<script type=\"application\/ld+json\" class=\"yoast-schema-graph\">{\"@context\":\"https:\\\/\\\/schema.org\",\"@graph\":[{\"@type\":\"WebPage\",\"@id\":\"https:\\\/\\\/mediumpurple-raccoon-190074.hostingersite.com\\\/leadership-talks\\\/\",\"url\":\"https:\\\/\\\/mediumpurple-raccoon-190074.hostingersite.com\\\/leadership-talks\\\/\",\"name\":\"Leadership Talks - Ballutte Optics\",\"isPartOf\":{\"@id\":\"https:\\\/\\\/mediumpurple-raccoon-190074.hostingersite.com\\\/#website\"},\"primaryImageOfPage\":{\"@id\":\"https:\\\/\\\/mediumpurple-raccoon-190074.hostingersite.com\\\/leadership-talks\\\/#primaryimage\"},\"image\":{\"@id\":\"https:\\\/\\\/mediumpurple-raccoon-190074.hostingersite.com\\\/leadership-talks\\\/#primaryimage\"},\"thumbnailUrl\":\"https:\\\/\\\/ballutte.com\\\/wp-content\\\/uploads\\\/2024\\\/10\\\/ballutte-homepage-logo.webp\",\"datePublished\":\"2024-10-05T12:15:06+00:00\",\"dateModified\":\"2026-02-10T13:04:19+00:00\",\"description\":\"Discover the insights and vision behind Ballutte Optics. Hear from our CEO, Sales Director, and QA about the values, innovation, and passion.\",\"breadcrumb\":{\"@id\":\"https:\\\/\\\/mediumpurple-raccoon-190074.hostingersite.com\\\/leadership-talks\\\/#breadcrumb\"},\"inLanguage\":\"tr\",\"potentialAction\":[{\"@type\":\"ReadAction\",\"target\":[\"https:\\\/\\\/mediumpurple-raccoon-190074.hostingersite.com\\\/leadership-talks\\\/\"]}]},{\"@type\":\"ImageObject\",\"inLanguage\":\"tr\",\"@id\":\"https:\\\/\\\/mediumpurple-raccoon-190074.hostingersite.com\\\/leadership-talks\\\/#primaryimage\",\"url\":\"https:\\\/\\\/ballutte.com\\\/wp-content\\\/uploads\\\/2024\\\/10\\\/ballutte-homepage-logo.webp\",\"contentUrl\":\"https:\\\/\\\/ballutte.com\\\/wp-content\\\/uploads\\\/2024\\\/10\\\/ballutte-homepage-logo.webp\",\"width\":1920,\"height\":519},{\"@type\":\"BreadcrumbList\",\"@id\":\"https:\\\/\\\/mediumpurple-raccoon-190074.hostingersite.com\\\/leadership-talks\\\/#breadcrumb\",\"itemListElement\":[{\"@type\":\"ListItem\",\"position\":1,\"name\":\"Home\",\"item\":\"https:\\\/\\\/mediumpurple-raccoon-190074.hostingersite.com\\\/\"},{\"@type\":\"ListItem\",\"position\":2,\"name\":\"Leadership Talks\"}]},{\"@type\":\"WebSite\",\"@id\":\"https:\\\/\\\/mediumpurple-raccoon-190074.hostingersite.com\\\/#website\",\"url\":\"https:\\\/\\\/mediumpurple-raccoon-190074.hostingersite.com\\\/\",\"name\":\"Ballutte Optics\",\"description\":\"Ballutte for More Clear Future\",\"publisher\":{\"@id\":\"https:\\\/\\\/mediumpurple-raccoon-190074.hostingersite.com\\\/#organization\"},\"alternateName\":\"Ballutte Optics\",\"potentialAction\":[{\"@type\":\"SearchAction\",\"target\":{\"@type\":\"EntryPoint\",\"urlTemplate\":\"https:\\\/\\\/mediumpurple-raccoon-190074.hostingersite.com\\\/?s={search_term_string}\"},\"query-input\":{\"@type\":\"PropertyValueSpecification\",\"valueRequired\":true,\"valueName\":\"search_term_string\"}}],\"inLanguage\":\"tr\"},{\"@type\":\"Organization\",\"@id\":\"https:\\\/\\\/mediumpurple-raccoon-190074.hostingersite.com\\\/#organization\",\"name\":\"Ballutte Opticals\",\"url\":\"https:\\\/\\\/mediumpurple-raccoon-190074.hostingersite.com\\\/\",\"logo\":{\"@type\":\"ImageObject\",\"inLanguage\":\"tr\",\"@id\":\"https:\\\/\\\/mediumpurple-raccoon-190074.hostingersite.com\\\/#\\\/schema\\\/logo\\\/image\\\/\",\"url\":\"https:\\\/\\\/mediumpurple-raccoon-190074.hostingersite.com\\\/wp-content\\\/uploads\\\/2024\\\/09\\\/Ballutte-Logo-Dark-Blue.webp\",\"contentUrl\":\"https:\\\/\\\/mediumpurple-raccoon-190074.hostingersite.com\\\/wp-content\\\/uploads\\\/2024\\\/09\\\/Ballutte-Logo-Dark-Blue.webp\",\"width\":371,\"height\":117,\"caption\":\"Ballutte Opticals\"},\"image\":{\"@id\":\"https:\\\/\\\/mediumpurple-raccoon-190074.hostingersite.com\\\/#\\\/schema\\\/logo\\\/image\\\/\"},\"sameAs\":[\"https:\\\/\\\/www.facebook.com\\\/Ballutte.Opticals\\\/\",\"https:\\\/\\\/www.instagram.com\\\/ballutte.opticals\"]}]}<\/script>\n<!-- \/ Yoast SEO plugin. -->","yoast_head_json":{"title":"Leadership Talks - Ballutte Optics","description":"Discover the insights and vision behind Ballutte Optics. Hear from our CEO, Sales Director, and QA about the values, innovation, and passion.","robots":{"index":"index","follow":"follow","max-snippet":"max-snippet:-1","max-image-preview":"max-image-preview:large","max-video-preview":"max-video-preview:-1"},"canonical":"https:\/\/mediumpurple-raccoon-190074.hostingersite.com\/leadership-talks\/","og_locale":"tr_TR","og_type":"article","og_title":"Leadership Talks - Ballutte Optics","og_description":"Discover the insights and vision behind Ballutte Optics. Hear from our CEO, Sales Director, and QA about the values, innovation, and passion.","og_url":"https:\/\/mediumpurple-raccoon-190074.hostingersite.com\/leadership-talks\/","og_site_name":"Ballutte Optics","article_publisher":"https:\/\/www.facebook.com\/Ballutte.Opticals\/","article_modified_time":"2026-02-10T13:04:19+00:00","og_image":[{"width":1920,"height":519,"url":"https:\/\/mediumpurple-raccoon-190074.hostingersite.com\/wp-content\/uploads\/2024\/10\/ballutte-homepage-logo.webp","type":"image\/webp"}],"twitter_card":"summary_large_image","twitter_misc":{"Tahmini okuma s\u00fcresi":"2 dakika"},"schema":{"@context":"https:\/\/schema.org","@graph":[{"@type":"WebPage","@id":"https:\/\/mediumpurple-raccoon-190074.hostingersite.com\/leadership-talks\/","url":"https:\/\/mediumpurple-raccoon-190074.hostingersite.com\/leadership-talks\/","name":"Leadership Talks - Ballutte Optics","isPartOf":{"@id":"https:\/\/mediumpurple-raccoon-190074.hostingersite.com\/#website"},"primaryImageOfPage":{"@id":"https:\/\/mediumpurple-raccoon-190074.hostingersite.com\/leadership-talks\/#primaryimage"},"image":{"@id":"https:\/\/mediumpurple-raccoon-190074.hostingersite.com\/leadership-talks\/#primaryimage"},"thumbnailUrl":"https:\/\/ballutte.com\/wp-content\/uploads\/2024\/10\/ballutte-homepage-logo.webp","datePublished":"2024-10-05T12:15:06+00:00","dateModified":"2026-02-10T13:04:19+00:00","description":"Discover the insights and vision behind Ballutte Optics. Hear from our CEO, Sales Director, and QA about the values, innovation, and passion.","breadcrumb":{"@id":"https:\/\/mediumpurple-raccoon-190074.hostingersite.com\/leadership-talks\/#breadcrumb"},"inLanguage":"tr","potentialAction":[{"@type":"ReadAction","target":["https:\/\/mediumpurple-raccoon-190074.hostingersite.com\/leadership-talks\/"]}]},{"@type":"ImageObject","inLanguage":"tr","@id":"https:\/\/mediumpurple-raccoon-190074.hostingersite.com\/leadership-talks\/#primaryimage","url":"https:\/\/ballutte.com\/wp-content\/uploads\/2024\/10\/ballutte-homepage-logo.webp","contentUrl":"https:\/\/ballutte.com\/wp-content\/uploads\/2024\/10\/ballutte-homepage-logo.webp","width":1920,"height":519},{"@type":"BreadcrumbList","@id":"https:\/\/mediumpurple-raccoon-190074.hostingersite.com\/leadership-talks\/#breadcrumb","itemListElement":[{"@type":"ListItem","position":1,"name":"Home","item":"https:\/\/mediumpurple-raccoon-190074.hostingersite.com\/"},{"@type":"ListItem","position":2,"name":"Leadership Talks"}]},{"@type":"WebSite","@id":"https:\/\/mediumpurple-raccoon-190074.hostingersite.com\/#website","url":"https:\/\/mediumpurple-raccoon-190074.hostingersite.com\/","name":"Ballutte Optics","description":"Ballutte for More Clear Future","publisher":{"@id":"https:\/\/mediumpurple-raccoon-190074.hostingersite.com\/#organization"},"alternateName":"Ballutte Optics","potentialAction":[{"@type":"SearchAction","target":{"@type":"EntryPoint","urlTemplate":"https:\/\/mediumpurple-raccoon-190074.hostingersite.com\/?s={search_term_string}"},"query-input":{"@type":"PropertyValueSpecification","valueRequired":true,"valueName":"search_term_string"}}],"inLanguage":"tr"},{"@type":"Organization","@id":"https:\/\/mediumpurple-raccoon-190074.hostingersite.com\/#organization","name":"Ballutte Opticals","url":"https:\/\/mediumpurple-raccoon-190074.hostingersite.com\/","logo":{"@type":"ImageObject","inLanguage":"tr","@id":"https:\/\/mediumpurple-raccoon-190074.hostingersite.com\/#\/schema\/logo\/image\/","url":"https:\/\/mediumpurple-raccoon-190074.hostingersite.com\/wp-content\/uploads\/2024\/09\/Ballutte-Logo-Dark-Blue.webp","contentUrl":"https:\/\/mediumpurple-raccoon-190074.hostingersite.com\/wp-content\/uploads\/2024\/09\/Ballutte-Logo-Dark-Blue.webp","width":371,"height":117,"caption":"Ballutte Opticals"},"image":{"@id":"https:\/\/mediumpurple-raccoon-190074.hostingersite.com\/#\/schema\/logo\/image\/"},"sameAs":["https:\/\/www.facebook.com\/Ballutte.Opticals\/","https:\/\/www.instagram.com\/ballutte.opticals"]}]}},"_links":{"self":[{"href":"https:\/\/ballutte.com\/tr\/wp-json\/wp\/v2\/pages\/1383","targetHints":{"allow":["GET"]}}],"collection":[{"href":"https:\/\/ballutte.com\/tr\/wp-json\/wp\/v2\/pages"}],"about":[{"href":"https:\/\/ballutte.com\/tr\/wp-json\/wp\/v2\/types\/page"}],"author":[{"embeddable":true,"href":"https:\/\/ballutte.com\/tr\/wp-json\/wp\/v2\/users\/1"}],"replies":[{"embeddable":true,"href":"https:\/\/ballutte.com\/tr\/wp-json\/wp\/v2\/comments?post=1383"}],"version-history":[{"count":58,"href":"https:\/\/ballutte.com\/tr\/wp-json\/wp\/v2\/pages\/1383\/revisions"}],"predecessor-version":[{"id":2508,"href":"https:\/\/ballutte.com\/tr\/wp-json\/wp\/v2\/pages\/1383\/revisions\/2508"}],"wp:featuredmedia":[{"embeddable":true,"href":"https:\/\/ballutte.com\/tr\/wp-json\/wp\/v2\/media\/1269"}],"wp:attachment":[{"href":"https:\/\/ballutte.com\/tr\/wp-json\/wp\/v2\/media?parent=1383"}],"curies":[{"name":"wp","href":"https:\/\/api.w.org\/{rel}","templated":true}]}}